{"id":109,"date":"2024-01-17T11:07:43","date_gmt":"2024-01-17T11:07:43","guid":{"rendered":"https:\/\/risca.pt\/?page_id=109"},"modified":"2026-02-08T19:52:55","modified_gmt":"2026-02-08T19:52:55","slug":"servicos","status":"publish","type":"page","link":"https:\/\/risca.pt\/en\/servicos\/","title":{"rendered":"Services"},"content":{"rendered":"<div data-elementor-type=\"wp-page\" data-elementor-id=\"109\" class=\"elementor elementor-109\" data-elementor-post-type=\"page\">\n\t\t\t\t<div class=\"elementor-element elementor-element-aa78475 e-con-full e-flex e-con e-parent\" data-id=\"aa78475\" data-element_type=\"container\" data-e-type=\"container\">\n\t\t<div class=\"elementor-element elementor-element-603c54d e-con-full e-flex e-con e-child\" data-id=\"603c54d\" data-element_type=\"container\" data-e-type=\"container\">\n\t\t\t\t<div class=\"elementor-element elementor-element-4f147bc elementor-widget__width-initial elementor-view-default elementor-widget elementor-widget-icon\" data-id=\"4f147bc\" data-element_type=\"widget\" data-e-type=\"widget\" data-widget_type=\"icon.default\">\n\t\t\t\t<div class=\"elementor-widget-container\">\n\t\t\t\t\t\t\t<div class=\"elementor-icon-wrapper\">\n\t\t\t<div class=\"elementor-icon\">\n\t\t\t<svg xmlns=\"http:\/\/www.w3.org\/2000\/svg\" width=\"71\" height=\"71\" viewbox=\"0 0 71 71\" fill=\"none\"><line x1=\"19.0313\" y1=\"18.6975\" x2=\"52.0313\" y2=\"51.6975\" stroke=\"#FF3E20\" stroke-width=\"7\"><\/line><path d=\"M14.6647 52.3931L51.8834 51.8832L52.3932 14.6645\" stroke=\"#FF3E20\" stroke-width=\"7\"><\/path><\/svg>\t\t\t<\/div>\n\t\t<\/div>\n\t\t\t\t\t\t<\/div>\n\t\t\t\t<\/div>\n\t\t\t\t<div class=\"elementor-element elementor-element-d5ef709 elementor-widget elementor-widget-heading\" data-id=\"d5ef709\" data-element_type=\"widget\" data-e-type=\"widget\" data-widget_type=\"heading.default\">\n\t\t\t\t<div class=\"elementor-widget-container\">\n\t\t\t\t\t<h2 class=\"elementor-heading-title elementor-size-default\">SERVI\u00c7OS<\/h2>\t\t\t\t<\/div>\n\t\t\t\t<\/div>\n\t\t\t\t<\/div>\n\t\t<div class=\"elementor-element elementor-element-dfa8f56 e-con-full e-flex e-con e-child\" data-id=\"dfa8f56\" data-element_type=\"container\" data-e-type=\"container\">\n\t\t<div class=\"elementor-element elementor-element-1d9976a e-con-full e-flex e-con e-child\" data-id=\"1d9976a\" data-element_type=\"container\" data-e-type=\"container\">\n\t\t\t\t<div class=\"elementor-element elementor-element-e3c43c6 elementor-widget elementor-widget-image\" data-id=\"e3c43c6\" data-element_type=\"widget\" data-e-type=\"widget\" data-widget_type=\"image.default\">\n\t\t\t\t<div class=\"elementor-widget-container\">\n\t\t\t\t\t\t\t\t\t\t\t\t\t\t\t<img decoding=\"async\" src=\"https:\/\/risca.pt\/wp-content\/uploads\/2022\/02\/Uriage_Projetos.jpg\" title=\"\" alt=\"\" loading=\"lazy\" \/>\t\t\t\t\t\t\t\t\t\t\t\t\t\t\t<\/div>\n\t\t\t\t<\/div>\n\t\t\t\t<\/div>\n\t\t<div class=\"elementor-element elementor-element-d856c4b e-con-full e-flex e-con e-child\" data-id=\"d856c4b\" data-element_type=\"container\" data-e-type=\"container\">\n\t\t<div class=\"elementor-element elementor-element-0b514e5 e-con-full e-flex e-con e-child\" data-id=\"0b514e5\" data-element_type=\"container\" data-e-type=\"container\">\n\t\t\t\t<div class=\"elementor-element elementor-element-8b5f0da elementor-widget__width-auto elementor-widget elementor-widget-heading\" data-id=\"8b5f0da\" data-element_type=\"widget\" data-e-type=\"widget\" data-widget_type=\"heading.default\">\n\t\t\t\t<div class=\"elementor-widget-container\">\n\t\t\t\t\t<h2 class=\"elementor-heading-title elementor-size-default\">Design e Branding<\/h2>\t\t\t\t<\/div>\n\t\t\t\t<\/div>\n\t\t\t\t<div class=\"elementor-element elementor-element-f0bfc45 elementor-widget elementor-widget-text-editor\" data-id=\"f0bfc45\" data-element_type=\"widget\" data-e-type=\"widget\" data-widget_type=\"text-editor.default\">\n\t\t\t\t<div class=\"elementor-widget-container\">\n\t\t\t\t\t\t\t\t\t<p>Design Identidade | Suportes de Comunica\u00e7\u00e3o | Manual de Marca | Estacion\u00e1rio<\/p>\t\t\t\t\t\t\t\t<\/div>\n\t\t\t\t<\/div>\n\t\t\t\t<\/div>\n\t\t<div class=\"elementor-element elementor-element-39e120b e-con-full e-flex e-con e-child\" data-id=\"39e120b\" data-element_type=\"container\" data-e-type=\"container\">\n\t\t\t\t<div class=\"elementor-element elementor-element-ba523b1 elementor-widget elementor-widget-text-editor\" data-id=\"ba523b1\" data-element_type=\"widget\" data-e-type=\"widget\" data-widget_type=\"text-editor.default\">\n\t\t\t\t<div class=\"elementor-widget-container\">\n\t\t\t\t\t\t\t\t\t<p>Criamos identidades que expressam a ess\u00eancia do seu neg\u00f3cio e estabelecem liga\u00e7\u00f5es duradouras. Do conceito inicial ao estilo visual, cada detalhe refor\u00e7a credibilidade.<\/p><p>Estabelecemos guias visuais para manter a marca consistente, garantindo uma presen\u00e7a impactante em todos os meios.<\/p>\t\t\t\t\t\t\t\t<\/div>\n\t\t\t\t<\/div>\n\t\t<div class=\"elementor-element elementor-element-2a76d7d e-con-full e-flex e-con e-child\" data-id=\"2a76d7d\" data-element_type=\"container\" data-e-type=\"container\">\n\t\t\t\t<div class=\"elementor-element elementor-element-ca3d20b btn-original elementor-widget elementor-widget-button\" data-id=\"ca3d20b\" data-element_type=\"widget\" data-e-type=\"widget\" data-widget_type=\"button.default\">\n\t\t\t\t<div class=\"elementor-widget-container\">\n\t\t\t\t\t\t\t\t\t<div class=\"elementor-button-wrapper\">\n\t\t\t\t\t<a class=\"elementor-button elementor-button-link elementor-size-sm\" href=\"https:\/\/risca.pt\/en\/portfolio\/?area=design\">\n\t\t\t\t\t\t<span class=\"elementor-button-content-wrapper\">\n\t\t\t\t\t\t<span class=\"elementor-button-icon\">\n\t\t\t\t<svg xmlns=\"http:\/\/www.w3.org\/2000\/svg\" width=\"19\" height=\"20\" viewbox=\"0 0 19 20\" fill=\"none\"><path d=\"M0 9.70703L17 9.70703\" stroke=\"#FF3E20\" stroke-width=\"2\"><\/path><path d=\"M8 18.707L17 9.70703L8 0.70703\" stroke=\"#FF3E20\" stroke-width=\"2\"><\/path><\/svg>\t\t\t<\/span>\n\t\t\t\t\t\t\t\t\t<span class=\"elementor-button-text\">VER MAIS PROJECTOS<\/span>\n\t\t\t\t\t<\/span>\n\t\t\t\t\t<\/a>\n\t\t\t\t<\/div>\n\t\t\t\t\t\t\t\t<\/div>\n\t\t\t\t<\/div>\n\t\t\t\t<div class=\"elementor-element elementor-element-6a89a99 elementor-widget elementor-widget-html\" data-id=\"6a89a99\" data-element_type=\"widget\" data-e-type=\"widget\" data-widget_type=\"html.default\">\n\t\t\t\t<div class=\"elementor-widget-container\">\n\t\t\t\t\t<script>\ndocument.addEventListener(\"DOMContentLoaded\", function() {\n\n    \/\/ Lista de todas as classes dos bot\u00f5es\n    const classesBotoes = ['btn-original', 'btn-duplicado', 'btn-terceiro', 'btn-quarto'];\n\n    classesBotoes.forEach(classe => {\n        const wrapper = document.querySelector(`.${classe} .elementor-button-content-wrapper`);\n        if (wrapper) {\n            const innerContent = wrapper.innerHTML;\n            wrapper.innerHTML = `\n                <div class=\"ticker-item\">${innerContent}<\/div>\n                <div class=\"ticker-item\">${innerContent}<\/div>\n            `;\n        }\n    });\n\n});\n<\/script>\n\n<style>\n    \/* WRAPPER *\/\n.btn-original .elementor-button-content-wrapper,\n.btn-duplicado .elementor-button-content-wrapper,\n.btn-terceiro .elementor-button-content-wrapper,\n.btn-quarto .elementor-button-content-wrapper {\n    display: flex !important;\n    flex-direction: column !important;\n    overflow: hidden !important;\n    height: 24px !important;\n    position: relative !important;\n    padding: 0 !important;\n}\n\n\/* RESET DE SPANS (TINHAS ISTO PARTIDO) *\/\n.btn-original span.elementor-button-text,\n.btn-original span.elementor-button-icon,\n.btn-duplicado span.elementor-button-text,\n.btn-duplicado span.elementor-button-icon,\n.btn-terceiro span.elementor-button-text,\n.btn-terceiro span.elementor-button-icon,\n.btn-quarto span.elementor-button-text,\n.btn-quarto span.elementor-button-icon {\n    transform: none !important;\n    position: static !important;\n    transition: none !important;\n    opacity: 1 !important;\n    visibility: visible !important;\n    display: inline-flex !important;\n    margin: 0 !important;\n    font-weight: 600;\n}\n\n\/* TICKER ITEM *\/\n.ticker-item {\n    display: flex !important;\n    flex-direction: row !important;\n    align-items: center;\n    justify-content: center;\n    gap: 10px;\n    width: 100% !important;\n    height: 24px !important;\n    flex-shrink: 0 !important;\n    white-space: nowrap !important;\n    transition: transform 0.4s cubic-bezier(0.6, 0.01, 0, 1) !important;\n}\n\n.ticker-item .elementor-button-text { color: #FF3E20; }\n.ticker-item .elementor-button-icon { margin-right: 8px !important; }\n\n\/* ================= ANIMA\u00c7\u00d5ES ================= *\/\n\n\/* BOT\u00c3O 1 *\/\n.btn-original .ticker-item:first-child {\n    transform: translateY(22px);\n}\n.btn-original .elementor-button-link:hover .ticker-item {\n    transform: translateY(-20px) !important;\n}\n\n\/* BOT\u00c3O 2 *\/\n.btn-duplicado .ticker-item:first-child {\n    transform: translateY(22px);\n}\n.btn-duplicado .elementor-button-link:hover .ticker-item {\n    transform: translateY(-20px) !important;\n}\n\n\/* BOT\u00c3O 3 *\/\n.btn-terceiro .ticker-item:first-child {\n    transform: translateY(22px);\n}\n.btn-terceiro .elementor-button-link:hover .ticker-item {\n    transform: translateY(-20px) !important;\n}\n\n\/* BOT\u00c3O 4 *\/\n.btn-quarto .ticker-item:first-child {\n    transform: translateY(22px);\n}\n.btn-quarto .elementor-button-link:hover .ticker-item {\n    transform: translateY(-20px) !important;\n}\n\n<\/style>\t\t\t\t<\/div>\n\t\t\t\t<\/div>\n\t\t\t\t<\/div>\n\t\t\t\t<\/div>\n\t\t\t\t<\/div>\n\t\t\t\t<\/div>\n\t\t<div class=\"elementor-element elementor-element-ee62e27 e-con-full e-flex e-con e-child\" data-id=\"ee62e27\" data-element_type=\"container\" data-e-type=\"container\">\n\t\t<div class=\"elementor-element elementor-element-e28475b e-con-full e-flex e-con e-child\" data-id=\"e28475b\" data-element_type=\"container\" data-e-type=\"container\">\n\t\t\t\t<div class=\"elementor-element elementor-element-17be803 elementor-widget elementor-widget-image\" data-id=\"17be803\" data-element_type=\"widget\" data-e-type=\"widget\" data-widget_type=\"image.default\">\n\t\t\t\t<div class=\"elementor-widget-container\">\n\t\t\t\t\t\t\t\t\t\t\t\t\t\t\t<img fetchpriority=\"high\" decoding=\"async\" width=\"738\" height=\"640\" src=\"https:\/\/risca.pt\/wp-content\/uploads\/2026\/01\/Mask-group.png\" class=\"attachment-large size-large wp-image-7557\" alt=\"\" srcset=\"https:\/\/risca.pt\/wp-content\/uploads\/2026\/01\/Mask-group.png 738w, https:\/\/risca.pt\/wp-content\/uploads\/2026\/01\/Mask-group-300x260.png 300w, https:\/\/risca.pt\/wp-content\/uploads\/2026\/01\/Mask-group-14x12.png 14w\" sizes=\"(max-width: 738px) 100vw, 738px\" \/>\t\t\t\t\t\t\t\t\t\t\t\t\t\t\t<\/div>\n\t\t\t\t<\/div>\n\t\t\t\t<\/div>\n\t\t<div class=\"elementor-element elementor-element-5217ea4 e-con-full e-flex e-con e-child\" data-id=\"5217ea4\" data-element_type=\"container\" data-e-type=\"container\">\n\t\t<div class=\"elementor-element elementor-element-7a4fe47 e-con-full e-flex e-con e-child\" data-id=\"7a4fe47\" data-element_type=\"container\" data-e-type=\"container\">\n\t\t\t\t<div class=\"elementor-element elementor-element-d920248 elementor-widget__width-auto elementor-widget elementor-widget-heading\" data-id=\"d920248\" data-element_type=\"widget\" data-e-type=\"widget\" data-widget_type=\"heading.default\">\n\t\t\t\t<div class=\"elementor-widget-container\">\n\t\t\t\t\t<h2 class=\"elementor-heading-title elementor-size-default\">Marketing e Estrat\u00e9gia<\/h2>\t\t\t\t<\/div>\n\t\t\t\t<\/div>\n\t\t\t\t<div class=\"elementor-element elementor-element-213cfa6 elementor-widget elementor-widget-text-editor\" data-id=\"213cfa6\" data-element_type=\"widget\" data-e-type=\"widget\" data-widget_type=\"text-editor.default\">\n\t\t\t\t<div class=\"elementor-widget-container\">\n\t\t\t\t\t\t\t\t\t<p>Pesquisa e Estrat\u00e9gia | Redes Sociais | Email Marketing | Advertising | Ativa\u00e7\u00f5es<\/p><p>Eventos | Gest\u00e3o de Influencers | Consultoria<\/p>\t\t\t\t\t\t\t\t<\/div>\n\t\t\t\t<\/div>\n\t\t\t\t<\/div>\n\t\t<div class=\"elementor-element elementor-element-bd1624e e-con-full e-flex e-con e-child\" data-id=\"bd1624e\" data-element_type=\"container\" data-e-type=\"container\">\n\t\t\t\t<div class=\"elementor-element elementor-element-94f2ac0 elementor-widget elementor-widget-text-editor\" data-id=\"94f2ac0\" data-element_type=\"widget\" data-e-type=\"widget\" data-widget_type=\"text-editor.default\">\n\t\t\t\t<div class=\"elementor-widget-container\">\n\t\t\t\t\t\t\t\t\t<p>Analisamos tend\u00eancias, comportamentos e dados relevantes para estabelecer bases s\u00f3lidas. Investigamos m\u00e9tricas cruciais e interpretamos cen\u00e1rios competitivos.<br \/><br \/>Cada insight orienta as nossas decis\u00f5es para resultados consistentes, impulsionando um crescimento sustent\u00e1vel.<\/p>\t\t\t\t\t\t\t\t<\/div>\n\t\t\t\t<\/div>\n\t\t<div class=\"elementor-element elementor-element-183f3ba e-con-full e-flex e-con e-child\" data-id=\"183f3ba\" data-element_type=\"container\" data-e-type=\"container\">\n\t\t\t\t<div class=\"elementor-element elementor-element-80b74af btn-duplicado elementor-widget elementor-widget-button\" data-id=\"80b74af\" data-element_type=\"widget\" data-e-type=\"widget\" data-widget_type=\"button.default\">\n\t\t\t\t<div class=\"elementor-widget-container\">\n\t\t\t\t\t\t\t\t\t<div class=\"elementor-button-wrapper\">\n\t\t\t\t\t<a class=\"elementor-button elementor-button-link elementor-size-sm\" href=\"https:\/\/risca.pt\/en\/portfolio\/?area=advertising\">\n\t\t\t\t\t\t<span class=\"elementor-button-content-wrapper\">\n\t\t\t\t\t\t<span class=\"elementor-button-icon\">\n\t\t\t\t<svg xmlns=\"http:\/\/www.w3.org\/2000\/svg\" width=\"19\" height=\"20\" viewbox=\"0 0 19 20\" fill=\"none\"><path d=\"M0 9.70703L17 9.70703\" stroke=\"#FF3E20\" stroke-width=\"2\"><\/path><path d=\"M8 18.707L17 9.70703L8 0.70703\" stroke=\"#FF3E20\" stroke-width=\"2\"><\/path><\/svg>\t\t\t<\/span>\n\t\t\t\t\t\t\t\t\t<span class=\"elementor-button-text\">VER MAIS PROJECTOS<\/span>\n\t\t\t\t\t<\/span>\n\t\t\t\t\t<\/a>\n\t\t\t\t<\/div>\n\t\t\t\t\t\t\t\t<\/div>\n\t\t\t\t<\/div>\n\t\t\t\t<\/div>\n\t\t\t\t<\/div>\n\t\t\t\t<\/div>\n\t\t\t\t<\/div>\n\t\t<div class=\"elementor-element elementor-element-ded3756 e-con-full e-flex e-con e-child\" data-id=\"ded3756\" data-element_type=\"container\" data-e-type=\"container\">\n\t\t<div class=\"elementor-element elementor-element-04b240a e-con-full e-flex e-con e-child\" data-id=\"04b240a\" data-element_type=\"container\" data-e-type=\"container\">\n\t\t\t\t<div class=\"elementor-element elementor-element-5fb5ba7 elementor-widget elementor-widget-image\" data-id=\"5fb5ba7\" data-element_type=\"widget\" data-e-type=\"widget\" data-widget_type=\"image.default\">\n\t\t\t\t<div class=\"elementor-widget-container\">\n\t\t\t\t\t\t\t\t\t\t\t\t\t\t\t<img decoding=\"async\" width=\"738\" height=\"640\" src=\"https:\/\/risca.pt\/wp-content\/uploads\/2026\/01\/Mask-group-1.png\" class=\"attachment-large size-large wp-image-7558\" alt=\"\" srcset=\"https:\/\/risca.pt\/wp-content\/uploads\/2026\/01\/Mask-group-1.png 738w, https:\/\/risca.pt\/wp-content\/uploads\/2026\/01\/Mask-group-1-300x260.png 300w, https:\/\/risca.pt\/wp-content\/uploads\/2026\/01\/Mask-group-1-14x12.png 14w\" sizes=\"(max-width: 738px) 100vw, 738px\" \/>\t\t\t\t\t\t\t\t\t\t\t\t\t\t\t<\/div>\n\t\t\t\t<\/div>\n\t\t\t\t<\/div>\n\t\t<div class=\"elementor-element elementor-element-0dc2579 e-con-full e-flex e-con e-child\" data-id=\"0dc2579\" data-element_type=\"container\" data-e-type=\"container\">\n\t\t<div class=\"elementor-element elementor-element-6725a48 e-con-full e-flex e-con e-child\" data-id=\"6725a48\" data-element_type=\"container\" data-e-type=\"container\">\n\t\t\t\t<div class=\"elementor-element elementor-element-ac6bcb9 elementor-widget__width-auto elementor-widget elementor-widget-heading\" data-id=\"ac6bcb9\" data-element_type=\"widget\" data-e-type=\"widget\" data-widget_type=\"heading.default\">\n\t\t\t\t<div class=\"elementor-widget-container\">\n\t\t\t\t\t<h2 class=\"elementor-heading-title elementor-size-default\">Produ\u00e7\u00e3o de Conte\u00fados<\/h2>\t\t\t\t<\/div>\n\t\t\t\t<\/div>\n\t\t\t\t<div class=\"elementor-element elementor-element-0641158 elementor-widget elementor-widget-text-editor\" data-id=\"0641158\" data-element_type=\"widget\" data-e-type=\"widget\" data-widget_type=\"text-editor.default\">\n\t\t\t\t<div class=\"elementor-widget-container\">\n\t\t\t\t\t\t\t\t\t<p>Foto e V\u00eddeo | 3d | Spots R\u00e1dio\/TV | Press Release<\/p>\t\t\t\t\t\t\t\t<\/div>\n\t\t\t\t<\/div>\n\t\t\t\t<\/div>\n\t\t<div class=\"elementor-element elementor-element-e4147d1 e-con-full e-flex e-con e-child\" data-id=\"e4147d1\" data-element_type=\"container\" data-e-type=\"container\">\n\t\t\t\t<div class=\"elementor-element elementor-element-43b44cd elementor-widget elementor-widget-text-editor\" data-id=\"43b44cd\" data-element_type=\"widget\" data-e-type=\"widget\" data-widget_type=\"text-editor.default\">\n\t\t\t\t<div class=\"elementor-widget-container\">\n\t\t\t\t\t\t\t\t\t<p>Captamos os momentos que traduzem a ess\u00eancia da sua marca, mostrando a sua personalidade e despertando emo\u00e7\u00f5es. Cada detalhe \u00e9 pensado para transmitir autenticidade e emo\u00e7\u00e3o.<br \/><br \/>Seja para campanhas, produtos ou eventos, aliamos uma narrativa envolvente com a nossa est\u00e9tica profissional, para criar um conte\u00fado aut\u00eantico.<\/p>\t\t\t\t\t\t\t\t<\/div>\n\t\t\t\t<\/div>\n\t\t<div class=\"elementor-element elementor-element-c800dca e-con-full e-flex e-con e-child\" data-id=\"c800dca\" data-element_type=\"container\" data-e-type=\"container\">\n\t\t\t\t<div class=\"elementor-element elementor-element-c72c52c btn-terceiro elementor-widget elementor-widget-button\" data-id=\"c72c52c\" data-element_type=\"widget\" data-e-type=\"widget\" data-widget_type=\"button.default\">\n\t\t\t\t<div class=\"elementor-widget-container\">\n\t\t\t\t\t\t\t\t\t<div class=\"elementor-button-wrapper\">\n\t\t\t\t\t<a class=\"elementor-button elementor-button-link elementor-size-sm\" href=\"https:\/\/risca.pt\/en\/portfolio\/?area=foto-e-video\">\n\t\t\t\t\t\t<span class=\"elementor-button-content-wrapper\">\n\t\t\t\t\t\t<span class=\"elementor-button-icon\">\n\t\t\t\t<svg xmlns=\"http:\/\/www.w3.org\/2000\/svg\" width=\"19\" height=\"20\" viewbox=\"0 0 19 20\" fill=\"none\"><path d=\"M0 9.70703L17 9.70703\" stroke=\"#FF3E20\" stroke-width=\"2\"><\/path><path d=\"M8 18.707L17 9.70703L8 0.70703\" stroke=\"#FF3E20\" stroke-width=\"2\"><\/path><\/svg>\t\t\t<\/span>\n\t\t\t\t\t\t\t\t\t<span class=\"elementor-button-text\">VER MAIS PROJECTOS<\/span>\n\t\t\t\t\t<\/span>\n\t\t\t\t\t<\/a>\n\t\t\t\t<\/div>\n\t\t\t\t\t\t\t\t<\/div>\n\t\t\t\t<\/div>\n\t\t\t\t<\/div>\n\t\t\t\t<\/div>\n\t\t\t\t<\/div>\n\t\t\t\t<\/div>\n\t\t<div class=\"elementor-element elementor-element-b2ad293 e-con-full e-flex e-con e-child\" data-id=\"b2ad293\" data-element_type=\"container\" data-e-type=\"container\">\n\t\t<div class=\"elementor-element elementor-element-586c30c e-con-full e-flex e-con e-child\" data-id=\"586c30c\" data-element_type=\"container\" data-e-type=\"container\">\n\t\t\t\t<div class=\"elementor-element elementor-element-7be3187 elementor-widget elementor-widget-image\" data-id=\"7be3187\" data-element_type=\"widget\" data-e-type=\"widget\" data-widget_type=\"image.default\">\n\t\t\t\t<div class=\"elementor-widget-container\">\n\t\t\t\t\t\t\t\t\t\t\t\t\t\t\t<img decoding=\"async\" width=\"738\" height=\"640\" src=\"https:\/\/risca.pt\/wp-content\/uploads\/2026\/01\/Mask-group-2.png\" class=\"attachment-large size-large wp-image-7559\" alt=\"\" srcset=\"https:\/\/risca.pt\/wp-content\/uploads\/2026\/01\/Mask-group-2.png 738w, https:\/\/risca.pt\/wp-content\/uploads\/2026\/01\/Mask-group-2-300x260.png 300w, https:\/\/risca.pt\/wp-content\/uploads\/2026\/01\/Mask-group-2-14x12.png 14w\" sizes=\"(max-width: 738px) 100vw, 738px\" \/>\t\t\t\t\t\t\t\t\t\t\t\t\t\t\t<\/div>\n\t\t\t\t<\/div>\n\t\t\t\t<\/div>\n\t\t<div class=\"elementor-element elementor-element-13d2522 e-con-full e-flex e-con e-child\" data-id=\"13d2522\" data-element_type=\"container\" data-e-type=\"container\">\n\t\t<div class=\"elementor-element elementor-element-3c38fc0 e-con-full e-flex e-con e-child\" data-id=\"3c38fc0\" data-element_type=\"container\" data-e-type=\"container\">\n\t\t\t\t<div class=\"elementor-element elementor-element-3a8d1e3 elementor-widget__width-auto elementor-widget elementor-widget-heading\" data-id=\"3a8d1e3\" data-element_type=\"widget\" data-e-type=\"widget\" data-widget_type=\"heading.default\">\n\t\t\t\t<div class=\"elementor-widget-container\">\n\t\t\t\t\t<h2 class=\"elementor-heading-title elementor-size-default\">Desenvolvimento Digital<\/h2>\t\t\t\t<\/div>\n\t\t\t\t<\/div>\n\t\t\t\t<div class=\"elementor-element elementor-element-95e8bce elementor-widget elementor-widget-text-editor\" data-id=\"95e8bce\" data-element_type=\"widget\" data-e-type=\"widget\" data-widget_type=\"text-editor.default\">\n\t\t\t\t<div class=\"elementor-widget-container\">\n\t\t\t\t\t\t\t\t\t<p>Design UX\/UI | Development | apps<\/p>\t\t\t\t\t\t\t\t<\/div>\n\t\t\t\t<\/div>\n\t\t\t\t<\/div>\n\t\t<div class=\"elementor-element elementor-element-d3d2df0 e-con-full e-flex e-con e-child\" data-id=\"d3d2df0\" data-element_type=\"container\" data-e-type=\"container\">\n\t\t\t\t<div class=\"elementor-element elementor-element-22ac554 elementor-widget elementor-widget-text-editor\" data-id=\"22ac554\" data-element_type=\"widget\" data-e-type=\"widget\" data-widget_type=\"text-editor.default\">\n\t\t\t\t<div class=\"elementor-widget-container\">\n\t\t\t\t\t\t\t\t\t<p>Criamos sites e aplica\u00e7\u00f5es focadas em usabilidade, garantindo uma experi\u00eancia que atrai visitantes e gera oportunidades. Da arquitetura da informa\u00e7\u00e3o ao design, tudo \u00e9 minuciosamente pensado.<br \/><br \/>Desenvolvemos interfaces intuitivas e seguras, otimizando cada visita. A experi\u00eancia do utilizador \u00e9 prioridade unindo a est\u00e9tica, velocidade e fun\u00e7\u00f5es.<\/p>\t\t\t\t\t\t\t\t<\/div>\n\t\t\t\t<\/div>\n\t\t<div class=\"elementor-element elementor-element-4939d67 e-con-full e-flex e-con e-child\" data-id=\"4939d67\" data-element_type=\"container\" data-e-type=\"container\">\n\t\t\t\t<div class=\"elementor-element elementor-element-42a3146 btn-quarto elementor-widget elementor-widget-button\" data-id=\"42a3146\" data-element_type=\"widget\" data-e-type=\"widget\" data-widget_type=\"button.default\">\n\t\t\t\t<div class=\"elementor-widget-container\">\n\t\t\t\t\t\t\t\t\t<div class=\"elementor-button-wrapper\">\n\t\t\t\t\t<a class=\"elementor-button elementor-button-link elementor-size-sm\" href=\"https:\/\/risca.pt\/en\/portfolio\/?area=webdesign-e-apps\">\n\t\t\t\t\t\t<span class=\"elementor-button-content-wrapper\">\n\t\t\t\t\t\t<span class=\"elementor-button-icon\">\n\t\t\t\t<svg xmlns=\"http:\/\/www.w3.org\/2000\/svg\" width=\"19\" height=\"20\" viewbox=\"0 0 19 20\" fill=\"none\"><path d=\"M0 9.70703L17 9.70703\" stroke=\"#FF3E20\" stroke-width=\"2\"><\/path><path d=\"M8 18.707L17 9.70703L8 0.70703\" stroke=\"#FF3E20\" stroke-width=\"2\"><\/path><\/svg>\t\t\t<\/span>\n\t\t\t\t\t\t\t\t\t<span class=\"elementor-button-text\">VER MAIS PROJECTOS<\/span>\n\t\t\t\t\t<\/span>\n\t\t\t\t\t<\/a>\n\t\t\t\t<\/div>\n\t\t\t\t\t\t\t\t<\/div>\n\t\t\t\t<\/div>\n\t\t\t\t<\/div>\n\t\t\t\t<\/div>\n\t\t\t\t<\/div>\n\t\t\t\t<\/div>\n\t\t\t\t<\/div>\n\t\t\t\t<\/div>","protected":false},"excerpt":{"rendered":"<p>SERVI\u00c7OS Design e Branding Design Identidade | Suportes de Comunica\u00e7\u00e3o | Manual de Marca | Estacion\u00e1rio Criamos identidades que expressam a ess\u00eancia do seu neg\u00f3cio e estabelecem liga\u00e7\u00f5es duradouras. Do conceito inicial ao estilo visual, cada detalhe refor\u00e7a credibilidade. Estabelecemos guias visuais para manter a marca consistente, garantindo uma presen\u00e7a impactante em todos os meios. [&hellip;]<\/p>","protected":false},"author":1,"featured_media":0,"parent":0,"menu_order":0,"comment_status":"closed","ping_status":"closed","template":"elementor_header_footer","meta":{"_acf_changed":false,"inline_featured_image":false,"footnotes":""},"class_list":["post-109","page","type-page","status-publish","hentry"],"acf":[],"_links":{"self":[{"href":"https:\/\/risca.pt\/en\/wp-json\/wp\/v2\/pages\/109","targetHints":{"allow":["GET"]}}],"collection":[{"href":"https:\/\/risca.pt\/en\/wp-json\/wp\/v2\/pages"}],"about":[{"href":"https:\/\/risca.pt\/en\/wp-json\/wp\/v2\/types\/page"}],"author":[{"embeddable":true,"href":"https:\/\/risca.pt\/en\/wp-json\/wp\/v2\/users\/1"}],"replies":[{"embeddable":true,"href":"https:\/\/risca.pt\/en\/wp-json\/wp\/v2\/comments?post=109"}],"version-history":[{"count":920,"href":"https:\/\/risca.pt\/en\/wp-json\/wp\/v2\/pages\/109\/revisions"}],"predecessor-version":[{"id":9098,"href":"https:\/\/risca.pt\/en\/wp-json\/wp\/v2\/pages\/109\/revisions\/9098"}],"wp:attachment":[{"href":"https:\/\/risca.pt\/en\/wp-json\/wp\/v2\/media?parent=109"}],"curies":[{"name":"wp","href":"https:\/\/api.w.org\/{rel}","templated":true}]}}