{"id":135,"date":"2024-01-17T13:08:32","date_gmt":"2024-01-17T13:08:32","guid":{"rendered":"https:\/\/risca.pt\/?page_id=135"},"modified":"2026-02-02T22:43:26","modified_gmt":"2026-02-02T22:43:26","slug":"contactos","status":"publish","type":"page","link":"https:\/\/risca.pt\/en\/contactos\/","title":{"rendered":"Contactos"},"content":{"rendered":"<div data-elementor-type=\"wp-page\" data-elementor-id=\"135\" class=\"elementor elementor-135\" data-elementor-post-type=\"page\">\n\t\t\t\t<div class=\"elementor-element elementor-element-086d2dd e-con-full e-flex e-con e-child\" data-id=\"086d2dd\" data-element_type=\"container\" data-e-type=\"container\">\n\t\t<div class=\"elementor-element elementor-element-f9699f4 e-con-full e-flex e-con e-child\" data-id=\"f9699f4\" data-element_type=\"container\" data-e-type=\"container\">\n\t\t\t\t<div class=\"elementor-element elementor-element-9cbfab4 elementor-view-default elementor-widget elementor-widget-icon\" data-id=\"9cbfab4\" data-element_type=\"widget\" data-e-type=\"widget\" data-widget_type=\"icon.default\">\n\t\t\t\t<div class=\"elementor-widget-container\">\n\t\t\t\t\t\t\t<div class=\"elementor-icon-wrapper\">\n\t\t\t<div class=\"elementor-icon\">\n\t\t\t<svg xmlns=\"http:\/\/www.w3.org\/2000\/svg\" width=\"71\" height=\"71\" viewbox=\"0 0 71 71\" fill=\"none\"><line x1=\"19.0313\" y1=\"18.6975\" x2=\"52.0313\" y2=\"51.6975\" stroke=\"#FF3E20\" stroke-width=\"7\"><\/line><path d=\"M14.6647 52.3931L51.8834 51.8832L52.3932 14.6645\" stroke=\"#FF3E20\" stroke-width=\"7\"><\/path><\/svg>\t\t\t<\/div>\n\t\t<\/div>\n\t\t\t\t\t\t<\/div>\n\t\t\t\t<\/div>\n\t\t\t\t<div class=\"elementor-element elementor-element-cf6bf1d elementor-widget elementor-widget-heading\" data-id=\"cf6bf1d\" data-element_type=\"widget\" data-e-type=\"widget\" data-widget_type=\"heading.default\">\n\t\t\t\t<div class=\"elementor-widget-container\">\n\t\t\t\t\t<h2 class=\"elementor-heading-title elementor-size-default\">Tudo come\u00e7a com <div class=\"text-scramble-wrapper-2\">\n  <span class=\"textu\">Ol\u00e1<\/span>\n<\/div><\/h2>\t\t\t\t<\/div>\n\t\t\t\t<\/div>\n\t\t\t\t<div class=\"elementor-element elementor-element-25c0c85 elementor-widget elementor-widget-html\" data-id=\"25c0c85\" data-element_type=\"widget\" data-e-type=\"widget\" data-widget_type=\"html.default\">\n\t\t\t\t<div class=\"elementor-widget-container\">\n\t\t\t\t\t\n\n<style>\n.text-scramble-wrapper-2 {\n    font-family: 'Mazius Display', Sans-serif;\n    font-weight: 700;\n    font-style: italic;\n    color: #FF3E20;\n    display: inline-block;\n    overflow: visible;\n    white-space: nowrap;\n    transform: translateY(17px);\n    font-size: clamp(50px, 1.3vw, 58px);\n}\n\n.texti .dud {\n    color: #FF3E20; \/* mesma cor do texto principal *\/\n    font-family: 'Mazius Display', Sans-serif;\n}\n<\/style>\n\t\t\t\t<\/div>\n\t\t\t\t<\/div>\n\t\t\t\t<div class=\"elementor-element elementor-element-6ad66c1 elementor-headline--style-rotate e-transform elementor-hidden-desktop elementor-hidden-tablet elementor-hidden-mobile elementor-widget elementor-widget-animated-headline\" data-id=\"6ad66c1\" data-element_type=\"widget\" data-e-type=\"widget\" data-settings=\"{&quot;headline_style&quot;:&quot;rotate&quot;,&quot;animation_type&quot;:&quot;slide-down&quot;,&quot;rotating_text&quot;:&quot;Ol\\u00e1\\nIdeias\\nPaix\\u00e3o\\nDesafios\\nCaf\\u00e9\\nBrainstorms\\nCuriosidade&quot;,&quot;_transform_translateY_effect&quot;:{&quot;unit&quot;:&quot;px&quot;,&quot;size&quot;:-10,&quot;sizes&quot;:[]},&quot;loop&quot;:&quot;yes&quot;,&quot;rotate_iteration_delay&quot;:2500,&quot;_transform_translateX_effect&quot;:{&quot;unit&quot;:&quot;px&quot;,&quot;size&quot;:&quot;&quot;,&quot;sizes&quot;:[]},&quot;_transform_translateX_effect_tablet&quot;:{&quot;unit&quot;:&quot;px&quot;,&quot;size&quot;:&quot;&quot;,&quot;sizes&quot;:[]},&quot;_transform_translateX_effect_mobile&quot;:{&quot;unit&quot;:&quot;px&quot;,&quot;size&quot;:&quot;&quot;,&quot;sizes&quot;:[]},&quot;_transform_translateY_effect_tablet&quot;:{&quot;unit&quot;:&quot;px&quot;,&quot;size&quot;:&quot;&quot;,&quot;sizes&quot;:[]},&quot;_transform_translateY_effect_mobile&quot;:{&quot;unit&quot;:&quot;px&quot;,&quot;size&quot;:&quot;&quot;,&quot;sizes&quot;:[]}}\" data-widget_type=\"animated-headline.default\">\n\t\t\t\t<div class=\"elementor-widget-container\">\n\t\t\t\t\t\t\t<h3 class=\"elementor-headline elementor-headline-animation-type-slide-down\">\n\t\t\t\t\t<span class=\"elementor-headline-plain-text elementor-headline-text-wrapper\">com<\/span>\n\t\t\t\t<span class=\"elementor-headline-dynamic-wrapper elementor-headline-text-wrapper\">\n\t\t\t\t\t<span class=\"elementor-headline-dynamic-text elementor-headline-text-active\">\n\t\t\t\tOl\u00e1\t\t\t<\/span>\n\t\t\t\t\t<span class=\"elementor-headline-dynamic-text\">\n\t\t\t\tIdeias\t\t\t<\/span>\n\t\t\t\t\t<span class=\"elementor-headline-dynamic-text\">\n\t\t\t\tPaix\u00e3o\t\t\t<\/span>\n\t\t\t\t\t<span class=\"elementor-headline-dynamic-text\">\n\t\t\t\tDesafios\t\t\t<\/span>\n\t\t\t\t\t<span class=\"elementor-headline-dynamic-text\">\n\t\t\t\tCaf\u00e9\t\t\t<\/span>\n\t\t\t\t\t<span class=\"elementor-headline-dynamic-text\">\n\t\t\t\tBrainstorms\t\t\t<\/span>\n\t\t\t\t\t<span class=\"elementor-headline-dynamic-text\">\n\t\t\t\tCuriosidade\t\t\t<\/span>\n\t\t\t\t\t\t<\/span>\n\t\t\t\t\t<span class=\"elementor-headline-plain-text elementor-headline-text-wrapper\">.<\/span>\n\t\t\t\t\t<\/h3>\n\t\t\t\t\t\t<\/div>\n\t\t\t\t<\/div>\n\t\t\t\t<\/div>\n\t\t<div class=\"elementor-element elementor-element-bdb800e e-flex e-con-boxed e-con e-child\" data-id=\"bdb800e\" data-element_type=\"container\" data-e-type=\"container\">\n\t\t\t\t\t<div class=\"e-con-inner\">\n\t\t\t\t<div class=\"elementor-element elementor-element-f8b13b8 elementor-widget__width-inherit elementor-widget elementor-widget-html\" data-id=\"f8b13b8\" data-element_type=\"widget\" data-e-type=\"widget\" data-widget_type=\"html.default\">\n\t\t\t\t<div class=\"elementor-widget-container\">\n\t\t\t\t\t<div class=\"section-contact-page\">\n   <div class=\"container-large\">\n      <div class=\"contact-page_inner\">\n         <div class=\"\">\n            <div id=\"w-node-deba7b94-1b48-5441-4e8b-e68a26107015-f71db75f\" class=\"contact-page_inner-socials\"><\/div>\n            <div id=\"w-node-_3748a9a1-d20d-2194-3f4d-dbec82621635-f71db75f form-container\" style=\"padding: 30px 30px 15px 30px;\">\n               <div class=\"w-form\">\n                  <form id=\"email-form-2\" name=\"email-form-2\" data-name=\"Email Form 2\"  data-wf-page-id=\"63f2422cb222cb19f71db75f\" data-wf-element-id=\"1b41d798-f3d5-35f0-35ae-7a7f7760c699\" aria-label=\"Email Form 2\" action=\"\">\n                     <div class=\"d-flex\">\n                        <div>\n                           <div class=\"field-wrap\">\n                              <input class=\"input-text w-input\" maxlength=\"256\" name=\"name\" data-name=\"Name\" placeholder=\"\" type=\"text\" id=\"name\" required=\"\">\n                              <div class=\"floating-label\">Name*<\/div>\n                           <\/div>\n                            <div class=\"field-wrap\">\n                              <input class=\"input-text w-input\" maxlength=\"256\" name=\"name-4\" data-name=\"Name 4\" placeholder=\"\" type=\"text\" id=\"name-4\" required=\"\">\n                              <div class=\"floating-label\">Email*<\/div>\n                           <\/div>\n                           <div class=\"field-wrap\">\n                              <input class=\"input-text w-input\" maxlength=\"256\" name=\"name-5\" data-name=\"Name 5\" placeholder=\"\" type=\"text\" id=\"name-5\" required=\"\">\n                              <div class=\"floating-label\">Projecto<\/div>\n                           <\/div>\n\n                        <\/div>\n                        <div>\n                           <div class=\"field-wrap\">\n                              <textarea placeholder=\" \" maxlength=\"5000\" id=\"field\" name=\"field\" data-name=\"Field\" class=\"input-text area w-input\"><\/textarea>\n                              <div class=\"floating-label\">Descri\u00e7\u00e3o<\/div>\n                           <\/div>\n                        <\/div>\n\n                     <\/div>\n\n                     <div class=\"field-wrap\" style=\"margin: 30px 0 0 0;\">\n                        <div class=\"label\">Que servi\u00e7o que procuras? <\/div>\n                        <div class=\"contact-filters_filter\">\n                           <label class=\"w-checkbox contact-filter\">\n                              <div class=\"w-checkbox-input w-checkbox-input--inputType-custom contact-filter_check\"><\/div>\n                              <input type=\"checkbox\" id=\"Branding\" name=\"Branding\" data-name=\"Branding\" style=\"opacity:0;position:absolute;z-index:-1\"><span class=\"work-filter_label w-form-label\" for=\"Branding\">BRANDING E DESIGN<\/span>\n                           <\/label>\n                           <label class=\"w-checkbox contact-filter\">\n                              <div class=\"w-checkbox-input w-checkbox-input--inputType-custom contact-filter_check\"><\/div>\n                              <input type=\"checkbox\" id=\"Research\" name=\"Research\" data-name=\"Research\" style=\"opacity:0;position:absolute;z-index:-1\"><span class=\"work-filter_label w-form-label\" for=\"Research\">MARKETING E ESTRAT\u00c9GIA<\/span>\n                           <\/label>\n                            <label class=\"w-checkbox contact-filter\">\n                              <div class=\"w-checkbox-input w-checkbox-input--inputType-custom contact-filter_check\"><\/div>\n                              <input type=\"checkbox\" id=\"Foto\" name=\"Foto\" data-name=\"Foto\" style=\"opacity:0;position:absolute;z-index:-1\"><span class=\"work-filter_label w-form-label\" for=\"Foto\">PRODU\u00c7\u00c3O DE CONTE\u00daDO<\/span>\n                           <\/label>\n                           <label class=\"w-checkbox contact-filter\">\n                              <div class=\"w-checkbox-input w-checkbox-input--inputType-custom contact-filter_check\"><\/div>\n                              <input type=\"checkbox\" id=\"Digital\" name=\"Digital\" data-name=\"Digital\" style=\"opacity:0;position:absolute;z-index:-1\"><span class=\"work-filter_label w-form-label\" for=\"Digital\">DESENVOLVIMENTO DIGITAL<\/span>\n                           <\/label>\n\n                        <\/div>\n                     <\/div>\n                     <div class=\"field-wrap\" style=\"margin: 30px 0 0 0;\">\n                        <label class=\"w-checkbox\">\n                        <input type=\"checkbox\" id=\"terms\" name=\"terms\" required=\"\">\n                        <span class=\"w-form-label termos\">I have read and accept <a href=\"https:\/\/risca.pt\/en\/politica-de-privacidade\/\">the Privacy and Personal Data Protection Policy<\/a><\/span>\n                        <\/label>\n                     <\/div>\n                     <div class=\"field-wrap\" style=\"display: flex; justify-content: center; margin: 40px 0 0 0;\">\n                         <input type=\"submit\" data-wait=\"Please wait...\" class=\"button is-icon is-large w-button\" value=\"Submeter\">\n                     <\/div>\n                     \n                  <input type=\"hidden\" name=\"trp-form-language\" value=\"en\"\/><\/form>\n                  <div class=\"success-message-2 w-form-done\" tabindex=\"-1\" role=\"region\" aria-label=\"Email Form 2 success\">\n                     <div class=\"text-block\">Message sent successfully. Thank you for wanting to work with Risca.<\/div>\n                  <\/div>\n                  <div class=\"error-message-2 w-form-fail\" tabindex=\"-1\" role=\"region\" aria-label=\"Email Form 2 failure\">\n                     <div class=\"text-block-2\">An error has occurred. Please try again.<\/div>\n                  <\/div>\n               <\/div>\n            <\/div>\n         <\/div>\n      <\/div>\n   <\/div>\n<\/div>\n\n\n<style>\n    .w-form-label.termos a:hover {\n    color: #FF3E20 !important;\n}\n<\/style>\t\t\t\t<\/div>\n\t\t\t\t<\/div>\n\t\t\t\t\t<\/div>\n\t\t\t\t<\/div>\n\t\t\t\t<\/div>\n\t\t\t\t<\/div>","protected":false},"excerpt":{"rendered":"<p>Tudo come\u00e7a com Ol\u00e1 com Ol\u00e1 Ideias Paix\u00e3o Desafios Caf\u00e9 Brainstorms Curiosidade . Nome* Email* Projecto Descri\u00e7\u00e3o Que servi\u00e7o que procuras? BRANDING E DESIGN MARKETING E ESTRAT\u00c9GIA PRODU\u00c7\u00c3O DE CONTE\u00daDO DESENVOLVIMENTO DIGITAL Li e aceito a Pol\u00edtica de Privacidade e de Prote\u00e7\u00e3o de Dados Pessoais Mensagem enviada com sucesso. Obrigado por quereres ser Risca. Ocorreu [&hellip;]<\/p>","protected":false},"author":1,"featured_media":0,"parent":0,"menu_order":0,"comment_status":"closed","ping_status":"closed","template":"elementor_header_footer","meta":{"_acf_changed":false,"inline_featured_image":false,"footnotes":""},"class_list":["post-135","page","type-page","status-publish","hentry"],"acf":[],"_links":{"self":[{"href":"https:\/\/risca.pt\/en\/wp-json\/wp\/v2\/pages\/135","targetHints":{"allow":["GET"]}}],"collection":[{"href":"https:\/\/risca.pt\/en\/wp-json\/wp\/v2\/pages"}],"about":[{"href":"https:\/\/risca.pt\/en\/wp-json\/wp\/v2\/types\/page"}],"author":[{"embeddable":true,"href":"https:\/\/risca.pt\/en\/wp-json\/wp\/v2\/users\/1"}],"replies":[{"embeddable":true,"href":"https:\/\/risca.pt\/en\/wp-json\/wp\/v2\/comments?post=135"}],"version-history":[{"count":343,"href":"https:\/\/risca.pt\/en\/wp-json\/wp\/v2\/pages\/135\/revisions"}],"predecessor-version":[{"id":8647,"href":"https:\/\/risca.pt\/en\/wp-json\/wp\/v2\/pages\/135\/revisions\/8647"}],"wp:attachment":[{"href":"https:\/\/risca.pt\/en\/wp-json\/wp\/v2\/media?parent=135"}],"curies":[{"name":"wp","href":"https:\/\/api.w.org\/{rel}","templated":true}]}}