{"id":4254,"date":"2024-03-22T19:42:09","date_gmt":"2024-03-22T19:42:09","guid":{"rendered":"https:\/\/risca.pt\/?page_id=4254"},"modified":"2026-02-02T22:29:20","modified_gmt":"2026-02-02T22:29:20","slug":"politica-de-privacidade","status":"publish","type":"page","link":"https:\/\/risca.pt\/en\/politica-de-privacidade\/","title":{"rendered":"Privacy Policy"},"content":{"rendered":"<div data-elementor-type=\"wp-page\" data-elementor-id=\"4254\" class=\"elementor elementor-4254\" data-elementor-post-type=\"page\">\n\t\t\t\t<div class=\"elementor-element elementor-element-f9cc8aa e-con-full e-flex e-con e-parent\" data-id=\"f9cc8aa\" data-element_type=\"container\" data-e-type=\"container\">\n\t\t<div class=\"elementor-element elementor-element-e2d93a2 e-con-full e-flex e-con e-child\" data-id=\"e2d93a2\" data-element_type=\"container\" data-e-type=\"container\">\n\t\t\t\t<div class=\"elementor-element elementor-element-01ade8f elementor-widget__width-initial elementor-view-default elementor-widget elementor-widget-icon\" data-id=\"01ade8f\" data-element_type=\"widget\" data-e-type=\"widget\" data-widget_type=\"icon.default\">\n\t\t\t\t<div class=\"elementor-widget-container\">\n\t\t\t\t\t\t\t<div class=\"elementor-icon-wrapper\">\n\t\t\t<div class=\"elementor-icon\">\n\t\t\t<svg xmlns=\"http:\/\/www.w3.org\/2000\/svg\" width=\"71\" height=\"71\" viewbox=\"0 0 71 71\" fill=\"none\"><line x1=\"19.0313\" y1=\"18.6975\" x2=\"52.0313\" y2=\"51.6975\" stroke=\"#FF3E20\" stroke-width=\"7\"><\/line><path d=\"M14.6647 52.3931L51.8834 51.8832L52.3932 14.6645\" stroke=\"#FF3E20\" stroke-width=\"7\"><\/path><\/svg>\t\t\t<\/div>\n\t\t<\/div>\n\t\t\t\t\t\t<\/div>\n\t\t\t\t<\/div>\n\t\t\t\t<div class=\"elementor-element elementor-element-5935e72 elementor-widget elementor-widget-heading\" data-id=\"5935e72\" data-element_type=\"widget\" data-e-type=\"widget\" data-widget_type=\"heading.default\">\n\t\t\t\t<div class=\"elementor-widget-container\">\n\t\t\t\t\t<h2 class=\"elementor-heading-title elementor-size-default\">Privacy Policy<\/h2>\t\t\t\t<\/div>\n\t\t\t\t<\/div>\n\t\t\t\t<\/div>\n\t\t<div class=\"elementor-element elementor-element-d46cf9a e-con-full e-flex e-con e-child\" data-id=\"d46cf9a\" data-element_type=\"container\" data-e-type=\"container\">\n\t\t<div class=\"elementor-element elementor-element-bd336bf e-con-full e-flex e-con e-child\" data-id=\"bd336bf\" data-element_type=\"container\" data-e-type=\"container\">\n\t\t\t\t<div class=\"elementor-element elementor-element-7f58400 elementor-widget elementor-widget-text-editor\" data-id=\"7f58400\" data-element_type=\"widget\" data-e-type=\"widget\" data-widget_type=\"text-editor.default\">\n\t\t\t\t<div class=\"elementor-widget-container\">\n\t\t\t\t\t\t\t\t\t<h2><strong>1. Data Controller <\/strong><\/h2>\t\t\t\t\t\t\t\t<\/div>\n\t\t\t\t<\/div>\n\t\t\t\t<\/div>\n\t\t<div class=\"elementor-element elementor-element-299c38a e-con-full e-flex e-con e-child\" data-id=\"299c38a\" data-element_type=\"container\" data-e-type=\"container\">\n\t\t\t\t<div class=\"elementor-element elementor-element-b00b944 elementor-widget elementor-widget-text-editor\" data-id=\"b00b944\" data-element_type=\"widget\" data-e-type=\"widget\" data-widget_type=\"text-editor.default\">\n\t\t\t\t<div class=\"elementor-widget-container\">\n\t\t\t\t\t\t\t\t\t<p>Risca Creative Agency guarantees the protection of all personal data provided through this website, continuously optimizing a set of procedures and techniques aimed at ensuring compliance with the General Data Protection Regulation (GDPR) - approved by Regulation (EU) 2016\/679 of April 26, 2016.<\/p><p>This Policy aims to inform Users about how their personal data is processed when browsing this website. Each time you use this website, your personal data will be processed in accordance with the Privacy Policy in force at that time, so it is suggested to regularly consult this Privacy Policy.<\/p>\t\t\t\t\t\t\t\t<\/div>\n\t\t\t\t<\/div>\n\t\t\t\t<\/div>\n\t\t\t\t<\/div>\n\t\t<div class=\"elementor-element elementor-element-94a790b e-con-full e-flex e-con e-child\" data-id=\"94a790b\" data-element_type=\"container\" data-e-type=\"container\">\n\t\t<div class=\"elementor-element elementor-element-c1e7427 e-con-full e-flex e-con e-child\" data-id=\"c1e7427\" data-element_type=\"container\" data-e-type=\"container\">\n\t\t\t\t<div class=\"elementor-element elementor-element-df8a3d9 elementor-widget elementor-widget-text-editor\" data-id=\"df8a3d9\" data-element_type=\"widget\" data-e-type=\"widget\" data-widget_type=\"text-editor.default\">\n\t\t\t\t<div class=\"elementor-widget-container\">\n\t\t\t\t\t\t\t\t\t<h2><strong>2. Data Collected<\/strong><\/h2>\t\t\t\t\t\t\t\t<\/div>\n\t\t\t\t<\/div>\n\t\t\t\t<\/div>\n\t\t<div class=\"elementor-element elementor-element-ef35c95 e-con-full e-flex e-con e-child\" data-id=\"ef35c95\" data-element_type=\"container\" data-e-type=\"container\">\n\t\t\t\t<div class=\"elementor-element elementor-element-2caa060 elementor-widget elementor-widget-text-editor\" data-id=\"2caa060\" data-element_type=\"widget\" data-e-type=\"widget\" data-widget_type=\"text-editor.default\">\n\t\t\t\t<div class=\"elementor-widget-container\">\n\t\t\t\t\t\t\t\t\t<p>The Data Controller of your data is Mobtrading.pt, Unipessoal Lda, with the NIPC 513504133.<\/p>\t\t\t\t\t\t\t\t<\/div>\n\t\t\t\t<\/div>\n\t\t\t\t<\/div>\n\t\t\t\t<\/div>\n\t\t<div class=\"elementor-element elementor-element-4216a39 e-con-full e-flex e-con e-child\" data-id=\"4216a39\" data-element_type=\"container\" data-e-type=\"container\">\n\t\t<div class=\"elementor-element elementor-element-44e3e1d e-con-full e-flex e-con e-child\" data-id=\"44e3e1d\" data-element_type=\"container\" data-e-type=\"container\">\n\t\t\t\t<div class=\"elementor-element elementor-element-c611ed7 elementor-widget elementor-widget-text-editor\" data-id=\"c611ed7\" data-element_type=\"widget\" data-e-type=\"widget\" data-widget_type=\"text-editor.default\">\n\t\t\t\t<div class=\"elementor-widget-container\">\n\t\t\t\t\t\t\t\t\t<h2><strong>3. Purposes and Legality of Processing<\/strong><\/h2>\t\t\t\t\t\t\t\t<\/div>\n\t\t\t\t<\/div>\n\t\t\t\t<\/div>\n\t\t<div class=\"elementor-element elementor-element-61ff823 e-con-full e-flex e-con e-child\" data-id=\"61ff823\" data-element_type=\"container\" data-e-type=\"container\">\n\t\t\t\t<div class=\"elementor-element elementor-element-9bdcd80 elementor-widget elementor-widget-text-editor\" data-id=\"9bdcd80\" data-element_type=\"widget\" data-e-type=\"widget\" data-widget_type=\"text-editor.default\">\n\t\t\t\t<div class=\"elementor-widget-container\">\n\t\t\t\t\t\t\t\t\t<p>During the use of the website, Risca Creative Agency collects both personal and non-personal information. Personal data is any information related to an identified or identifiable individual. Thus, personal data such as:<\/p><p>-Name<\/p><p>- Email address<\/p><p>- Telephone contact<\/p><p>- Date of Birth<\/p><p>- Nationality<\/p><p>- Location<\/p><p>- Experience<\/p><p>- Curriculum<\/p><p>Before sending the first promotional message or newsletter, the express consent of the data subject will be requested for sending such messages. This consent will be requested via email, and the data subject will only receive messages if they respond positively.<\/p><p>In addition to the personal data listed above, other data are collected to ensure the technical functionalities of the website and guarantee the stability and security of navigation, such as:<\/p><p>- User IP address<\/p><p>- Date and time of request or registration<\/p><p>- Date and time of request or registration<\/p><p>- Data volume and transmitted page<\/p><p>- Request origin<\/p><p>- Browser type<\/p><p>- User's operating system<\/p><p>- Browser software language and version<\/p><p>- Referral URLs<\/p><p>- Websites visited by the user's system through our website<\/p>\t\t\t\t\t\t\t\t<\/div>\n\t\t\t\t<\/div>\n\t\t\t\t<\/div>\n\t\t\t\t<\/div>\n\t\t<div class=\"elementor-element elementor-element-f285799 e-con-full e-flex e-con e-child\" data-id=\"f285799\" data-element_type=\"container\" data-e-type=\"container\">\n\t\t<div class=\"elementor-element elementor-element-df6075a e-con-full e-flex e-con e-child\" data-id=\"df6075a\" data-element_type=\"container\" data-e-type=\"container\">\n\t\t\t\t<div class=\"elementor-element elementor-element-2e08a27 elementor-widget elementor-widget-text-editor\" data-id=\"2e08a27\" data-element_type=\"widget\" data-e-type=\"widget\" data-widget_type=\"text-editor.default\">\n\t\t\t\t<div class=\"elementor-widget-container\">\n\t\t\t\t\t\t\t\t\t<h2><strong>4. Data Retention Period<\/strong><\/h2>\t\t\t\t\t\t\t\t<\/div>\n\t\t\t\t<\/div>\n\t\t\t\t<\/div>\n\t\t<div class=\"elementor-element elementor-element-1f5f3ea e-con-full e-flex e-con e-child\" data-id=\"1f5f3ea\" data-element_type=\"container\" data-e-type=\"container\">\n\t\t\t\t<div class=\"elementor-element elementor-element-e3d3d41 elementor-widget elementor-widget-text-editor\" data-id=\"e3d3d41\" data-element_type=\"widget\" data-e-type=\"widget\" data-widget_type=\"text-editor.default\">\n\t\t\t\t<div class=\"elementor-widget-container\">\n\t\t\t\t\t\t\t\t\t<p>During the use of this website, Risca Creative Agency will collect your personal data for the following purposes based on the following legal grounds:<\/p><p>- Registration and management of recruitment and selection processes<\/p><p>- Pre-contractual steps and execution of contracts (Article 6(1)(b) of the GDPR)<\/p><p>- Management of contact requests, information, and complaints<\/p><p>- Pre-contractual steps at the data subject's request, legitimate interest of Risca Creative Agency (Article 6(1)(a) and (f) of the GDPR)<\/p><p>- Sending of direct marketing communications<\/p><p>-Data subject's consent (Article 6(1)(a) of the GDPR)\nBefore the first marketing communication is sent to you, your express consent for receiving communications from Risca Creative Agency will be requested. Each communication will provide an opportunity to withdraw your consent.<\/p><p>Your personal data may also be processed whenever there is another legal basis that justifies such processing, namely:<\/p><p>- Legitimate interest of Risca Creative Agency, provided that this interest does not override your fundamental rights and freedoms (Article 6(1)(f) of the GDPR)<\/p><p>- Defense of your vital interests or those of another person (Article 6(1)(d) of the GDPR)<\/p>\t\t\t\t\t\t\t\t<\/div>\n\t\t\t\t<\/div>\n\t\t\t\t<\/div>\n\t\t\t\t<\/div>\n\t\t<div class=\"elementor-element elementor-element-dfe3486 e-con-full e-flex e-con e-child\" data-id=\"dfe3486\" data-element_type=\"container\" data-e-type=\"container\">\n\t\t<div class=\"elementor-element elementor-element-c33093c e-con-full e-flex e-con e-child\" data-id=\"c33093c\" data-element_type=\"container\" data-e-type=\"container\">\n\t\t\t\t<div class=\"elementor-element elementor-element-d7b7d12 elementor-widget elementor-widget-text-editor\" data-id=\"d7b7d12\" data-element_type=\"widget\" data-e-type=\"widget\" data-widget_type=\"text-editor.default\">\n\t\t\t\t<div class=\"elementor-widget-container\">\n\t\t\t\t\t\t\t\t\t<h2><strong>5. Data Sharing<\/strong><\/h2>\t\t\t\t\t\t\t\t<\/div>\n\t\t\t\t<\/div>\n\t\t\t\t<\/div>\n\t\t<div class=\"elementor-element elementor-element-8dceb4f e-con-full e-flex e-con e-child\" data-id=\"8dceb4f\" data-element_type=\"container\" data-e-type=\"container\">\n\t\t\t\t<div class=\"elementor-element elementor-element-ef569fb elementor-widget elementor-widget-text-editor\" data-id=\"ef569fb\" data-element_type=\"widget\" data-e-type=\"widget\" data-widget_type=\"text-editor.default\">\n\t\t\t\t<div class=\"elementor-widget-container\">\n\t\t\t\t\t\t\t\t\t<p>Risca Creative Agency will only retain your personal data for the time strictly necessary to fulfill the purpose for which they were collected. Additionally, some of your personal data may be kept as long as necessary to comply with legal obligations, as well as to manage or exercise your rights. Once the above-mentioned retention periods have ended, the personal data will be permanently deleted from our databases.<\/p>\t\t\t\t\t\t\t\t<\/div>\n\t\t\t\t<\/div>\n\t\t\t\t<\/div>\n\t\t\t\t<\/div>\n\t\t<div class=\"elementor-element elementor-element-5ceb356 e-con-full e-flex e-con e-child\" data-id=\"5ceb356\" data-element_type=\"container\" data-e-type=\"container\">\n\t\t<div class=\"elementor-element elementor-element-ecfebee e-con-full e-flex e-con e-child\" data-id=\"ecfebee\" data-element_type=\"container\" data-e-type=\"container\">\n\t\t\t\t<div class=\"elementor-element elementor-element-79b60fd elementor-widget elementor-widget-text-editor\" data-id=\"79b60fd\" data-element_type=\"widget\" data-e-type=\"widget\" data-widget_type=\"text-editor.default\">\n\t\t\t\t<div class=\"elementor-widget-container\">\n\t\t\t\t\t\t\t\t\t<h2><strong>6. Data Subject Rights<\/strong><\/h2>\t\t\t\t\t\t\t\t<\/div>\n\t\t\t\t<\/div>\n\t\t\t\t<\/div>\n\t\t<div class=\"elementor-element elementor-element-a678e9c e-con-full e-flex e-con e-child\" data-id=\"a678e9c\" data-element_type=\"container\" data-e-type=\"container\">\n\t\t\t\t<div class=\"elementor-element elementor-element-5390540 elementor-widget elementor-widget-text-editor\" data-id=\"5390540\" data-element_type=\"widget\" data-e-type=\"widget\" data-widget_type=\"text-editor.default\">\n\t\t\t\t<div class=\"elementor-widget-container\">\n\t\t\t\t\t\t\t\t\t<p>Risca Creative Agency may share your personal data with third parties, namely service providers or other public entities, as necessary for pursuing its activity. Whenever this happens, Risca Creative Agency will ensure that such entities are able to comply with their privacy and personal data protection obligations.\nRisca Creative Agency does not transfer or store your personal data in geographical regions that do not provide the same level of data protection as that ensured by entities located in the European Economic Area (EEA).\nAll data transfers are carried out in accordance with applicable legislation, using legally provided mechanisms for this purpose.<\/p>\t\t\t\t\t\t\t\t<\/div>\n\t\t\t\t<\/div>\n\t\t\t\t<\/div>\n\t\t\t\t<\/div>\n\t\t<div class=\"elementor-element elementor-element-0588e32 e-con-full e-flex e-con e-child\" data-id=\"0588e32\" data-element_type=\"container\" data-e-type=\"container\">\n\t\t<div class=\"elementor-element elementor-element-758da0e e-con-full e-flex e-con e-child\" data-id=\"758da0e\" data-element_type=\"container\" data-e-type=\"container\">\n\t\t\t\t<div class=\"elementor-element elementor-element-c18b01a elementor-widget elementor-widget-text-editor\" data-id=\"c18b01a\" data-element_type=\"widget\" data-e-type=\"widget\" data-widget_type=\"text-editor.default\">\n\t\t\t\t<div class=\"elementor-widget-container\">\n\t\t\t\t\t\t\t\t\t<h2><strong>7. Data Security<\/strong><\/h2>\t\t\t\t\t\t\t\t<\/div>\n\t\t\t\t<\/div>\n\t\t\t\t<\/div>\n\t\t<div class=\"elementor-element elementor-element-609271d e-con-full e-flex e-con e-child\" data-id=\"609271d\" data-element_type=\"container\" data-e-type=\"container\">\n\t\t\t\t<div class=\"elementor-element elementor-element-6f8e3f6 elementor-widget elementor-widget-text-editor\" data-id=\"6f8e3f6\" data-element_type=\"widget\" data-e-type=\"widget\" data-widget_type=\"text-editor.default\">\n\t\t\t\t<div class=\"elementor-widget-container\">\n\t\t\t\t\t\t\t\t\t<p>Under the current legislation on personal data protection, Risca Creative Agency assures you the following rights as a data subject:<\/p><p>Right to be informed:<\/p><p>- At the time of personal data collection<\/p><p>- About the contacts of the data controller<\/p><p>- About the purposes of processing<\/p><p>- About the retention period<\/p><p>- About your rights as personal data subjects<\/p><p>- About the possibility to appeal to the supervisory authority to lodge a complaint (and their contacts)<\/p><p>- About (the potential existence of) automated decisions and\/or profiling<\/p><p>- To know where and how your data are stored and processed<\/p><p>- To be informed about how the Data Controller complies with its data protection obligations<\/p><p>Right of access:<\/p><p>- The data subject can access their personal data; confirm whether or not their data are being processed and request a copy of the same<\/p><p>Right to rectification:<\/p><p>- The data subject has the right to rectify their personal data if they are incorrect, outdated, or incomplete<\/p><p>Right to erasure:\n- The data subject can request the deletion of their data provided that all the requirements are met in the specific case<\/p><p>Right to data portability:<\/p><p>- The data subject has the right to receive the personal data concerning them, which they have provided, in a structured, commonly used, and machine-readable format; and they have the right to transmit those data to another Data Controller provided that:<\/p><p>- The processing is based on consent or a contract<\/p><p>- The processing is carried out by automated means<\/p><p>Right to restrict processing:<\/p><p>- In certain situations, to be assessed on a case-by-case basis, the data subject has the right to request the restriction of processing of their data\nThe exercise of these rights by the data subjects can be done through the email address geral@risca.pt, or in writing to the postal address of Risca Creative Agency, where they should identify themselves and indicate the issue that is the subject of their request, addressed to:\nA\/C: Risca Creative Agency\nAddress: Esplanada do Castelo 39, 4150-196 Porto, Portugal<\/p><p>They may also lodge a complaint with the National Data Protection Commission (CNPD) and\/or obtain redress and\/or compensation if they believe that the processing carried out violates their rights and\/or the applicable data protection and privacy legislation.<\/p>\t\t\t\t\t\t\t\t<\/div>\n\t\t\t\t<\/div>\n\t\t\t\t<\/div>\n\t\t\t\t<\/div>\n\t\t<div class=\"elementor-element elementor-element-edb6f97 e-con-full e-flex e-con e-child\" data-id=\"edb6f97\" data-element_type=\"container\" data-e-type=\"container\">\n\t\t<div class=\"elementor-element elementor-element-d13b713 e-con-full e-flex e-con e-child\" data-id=\"d13b713\" data-element_type=\"container\" data-e-type=\"container\">\n\t\t\t\t<div class=\"elementor-element elementor-element-b420b15 elementor-widget elementor-widget-text-editor\" data-id=\"b420b15\" data-element_type=\"widget\" data-e-type=\"widget\" data-widget_type=\"text-editor.default\">\n\t\t\t\t<div class=\"elementor-widget-container\">\n\t\t\t\t\t\t\t\t\t<h2><strong>8. Data Protection Officer<\/strong><\/h2>\t\t\t\t\t\t\t\t<\/div>\n\t\t\t\t<\/div>\n\t\t\t\t<\/div>\n\t\t<div class=\"elementor-element elementor-element-78c4db6 e-con-full e-flex e-con e-child\" data-id=\"78c4db6\" data-element_type=\"container\" data-e-type=\"container\">\n\t\t\t\t<div class=\"elementor-element elementor-element-11e2283 elementor-widget elementor-widget-text-editor\" data-id=\"11e2283\" data-element_type=\"widget\" data-e-type=\"widget\" data-widget_type=\"text-editor.default\">\n\t\t\t\t<div class=\"elementor-widget-container\">\n\t\t\t\t\t\t\t\t\t<p>Risca Creative Agency uses a set of appropriate security technologies and procedures to protect your personal data from unauthorized access, use, or disclosure, such as access control, user activity logging, and penetration testing.<\/p><p>Your personal data are stored for hosting and backup on servers located in Portugal, in a secure environment, protected from unauthorized access.<\/p><p>As a user, you should protect your devices against viruses or other threats that could compromise your security, using specific programs for this purpose.<\/p>\t\t\t\t\t\t\t\t<\/div>\n\t\t\t\t<\/div>\n\t\t\t\t<\/div>\n\t\t\t\t<\/div>\n\t\t<div class=\"elementor-element elementor-element-7543072 e-con-full e-flex e-con e-child\" data-id=\"7543072\" data-element_type=\"container\" data-e-type=\"container\">\n\t\t<div class=\"elementor-element elementor-element-28a4911 e-con-full e-flex e-con e-child\" data-id=\"28a4911\" data-element_type=\"container\" data-e-type=\"container\">\n\t\t\t\t<\/div>\n\t\t<div class=\"elementor-element elementor-element-6ad137e e-con-full e-flex e-con e-child\" data-id=\"6ad137e\" data-element_type=\"container\" data-e-type=\"container\">\n\t\t\t\t<div class=\"elementor-element elementor-element-91aaec6 elementor-widget elementor-widget-text-editor\" data-id=\"91aaec6\" data-element_type=\"widget\" data-e-type=\"widget\" data-widget_type=\"text-editor.default\">\n\t\t\t\t<div class=\"elementor-widget-container\">\n\t\t\t\t\t\t\t\t\t<p>Risca Creative Agency has appointed a Data Protection Officer whose functions include:<\/p><p>- Providing advice on privacy and data protection matters<\/p><p>- Cooperating with the CNPD<\/p><p>- Acting as a contact point with the CNPD, the Control Authorities of other Member States of the European Union, and the data subjects<\/p><p>For any questions related to your privacy and the protection of your personal data, you can contact the Data Protection Officer via the email address geral@risca.pt.<\/p>\t\t\t\t\t\t\t\t<\/div>\n\t\t\t\t<\/div>\n\t\t\t\t<\/div>\n\t\t\t\t<\/div>\n\t\t\t\t<\/div>\n\t\t\t\t<\/div>","protected":false},"excerpt":{"rendered":"<p>Pol\u00edtica de privacidade 1. Respons\u00e1vel pelo Tratamento A Risca Ag\u00eancia Criativa garante a prote\u00e7\u00e3o de todos os dados pessoais que lhe sejam disponibilizados atrav\u00e9s do presente website, otimizando continuamente o conjunto de procedimentos e t\u00e9cnicas destinadas a assegurar a conformidade com o Regulamento Geral sobre a Prote\u00e7\u00e3o de Dados \u2013 RGPD \u2013 aprovado pelo Regulamento [&hellip;]<\/p>","protected":false},"author":1,"featured_media":0,"parent":0,"menu_order":0,"comment_status":"closed","ping_status":"closed","template":"elementor_header_footer","meta":{"_acf_changed":false,"inline_featured_image":false,"footnotes":""},"class_list":["post-4254","page","type-page","status-publish","hentry"],"acf":[],"_links":{"self":[{"href":"https:\/\/risca.pt\/en\/wp-json\/wp\/v2\/pages\/4254","targetHints":{"allow":["GET"]}}],"collection":[{"href":"https:\/\/risca.pt\/en\/wp-json\/wp\/v2\/pages"}],"about":[{"href":"https:\/\/risca.pt\/en\/wp-json\/wp\/v2\/types\/page"}],"author":[{"embeddable":true,"href":"https:\/\/risca.pt\/en\/wp-json\/wp\/v2\/users\/1"}],"replies":[{"embeddable":true,"href":"https:\/\/risca.pt\/en\/wp-json\/wp\/v2\/comments?post=4254"}],"version-history":[{"count":52,"href":"https:\/\/risca.pt\/en\/wp-json\/wp\/v2\/pages\/4254\/revisions"}],"predecessor-version":[{"id":8644,"href":"https:\/\/risca.pt\/en\/wp-json\/wp\/v2\/pages\/4254\/revisions\/8644"}],"wp:attachment":[{"href":"https:\/\/risca.pt\/en\/wp-json\/wp\/v2\/media?parent=4254"}],"curies":[{"name":"wp","href":"https:\/\/api.w.org\/{rel}","templated":true}]}}