{"id":509,"date":"2024-02-09T16:38:39","date_gmt":"2024-02-09T16:38:39","guid":{"rendered":"https:\/\/risca.pt\/?page_id=509"},"modified":"2026-03-20T16:25:47","modified_gmt":"2026-03-20T16:25:47","slug":"manifesto","status":"publish","type":"page","link":"https:\/\/risca.pt\/en\/manifesto\/","title":{"rendered":"Manifest"},"content":{"rendered":"<div data-elementor-type=\"wp-page\" data-elementor-id=\"509\" class=\"elementor elementor-509\" data-elementor-post-type=\"page\">\n\t\t\t\t<div class=\"elementor-element elementor-element-591eefa e-con-full e-flex e-con e-parent\" data-id=\"591eefa\" data-element_type=\"container\" data-e-type=\"container\">\n\t\t<div class=\"elementor-element elementor-element-6fdd944 e-con-full e-flex e-con e-child\" data-id=\"6fdd944\" data-element_type=\"container\" data-e-type=\"container\">\n\t\t\t\t<div class=\"elementor-element elementor-element-cf4d4a4 elementor-widget__width-initial elementor-view-default elementor-widget elementor-widget-icon\" data-id=\"cf4d4a4\" data-element_type=\"widget\" data-e-type=\"widget\" data-widget_type=\"icon.default\">\n\t\t\t\t<div class=\"elementor-widget-container\">\n\t\t\t\t\t\t\t<div class=\"elementor-icon-wrapper\">\n\t\t\t<div class=\"elementor-icon\">\n\t\t\t<svg xmlns=\"http:\/\/www.w3.org\/2000\/svg\" width=\"71\" height=\"71\" viewbox=\"0 0 71 71\" fill=\"none\"><line x1=\"19.0313\" y1=\"18.6975\" x2=\"52.0313\" y2=\"51.6975\" stroke=\"#FF3E20\" stroke-width=\"7\"><\/line><path d=\"M14.6647 52.3931L51.8834 51.8832L52.3932 14.6645\" stroke=\"#FF3E20\" stroke-width=\"7\"><\/path><\/svg>\t\t\t<\/div>\n\t\t<\/div>\n\t\t\t\t\t\t<\/div>\n\t\t\t\t<\/div>\n\t\t\t\t<div class=\"elementor-element elementor-element-7f55843 elementor-widget elementor-widget-heading\" data-id=\"7f55843\" data-element_type=\"widget\" data-e-type=\"widget\" data-widget_type=\"heading.default\">\n\t\t\t\t<div class=\"elementor-widget-container\">\n\t\t\t\t\t<h2 class=\"elementor-heading-title elementor-size-default\">MANIFESTO<\/h2>\t\t\t\t<\/div>\n\t\t\t\t<\/div>\n\t\t\t\t<\/div>\n\t\t<div class=\"elementor-element elementor-element-dcdac7e e-con-full e-flex e-con e-child\" data-id=\"dcdac7e\" data-element_type=\"container\" data-e-type=\"container\">\n\t\t<div class=\"elementor-element elementor-element-1be8a36 e-con-full e-flex e-con e-child\" data-id=\"1be8a36\" data-element_type=\"container\" data-e-type=\"container\">\n\t\t\t\t<div class=\"elementor-element elementor-element-7b02af7 elementor-widget elementor-widget-image\" data-id=\"7b02af7\" data-element_type=\"widget\" data-e-type=\"widget\" data-widget_type=\"image.default\">\n\t\t\t\t<div class=\"elementor-widget-container\">\n\t\t\t\t\t\t\t\t\t\t\t\t\t\t\t<img fetchpriority=\"high\" decoding=\"async\" width=\"587\" height=\"640\" src=\"https:\/\/risca.pt\/wp-content\/uploads\/2026\/01\/manif1.png\" class=\"attachment-large size-large wp-image-7571\" alt=\"\" srcset=\"https:\/\/risca.pt\/wp-content\/uploads\/2026\/01\/manif1.png 587w, https:\/\/risca.pt\/wp-content\/uploads\/2026\/01\/manif1-275x300.png 275w, https:\/\/risca.pt\/wp-content\/uploads\/2026\/01\/manif1-11x12.png 11w\" sizes=\"(max-width: 587px) 100vw, 587px\" \/>\t\t\t\t\t\t\t\t\t\t\t\t\t\t\t<\/div>\n\t\t\t\t<\/div>\n\t\t\t\t<\/div>\n\t\t<div class=\"elementor-element elementor-element-8108e7b e-con-full e-flex e-con e-child\" data-id=\"8108e7b\" data-element_type=\"container\" data-e-type=\"container\">\n\t\t<div class=\"elementor-element elementor-element-bd78274 e-con-full e-flex e-con e-child\" data-id=\"bd78274\" data-element_type=\"container\" data-e-type=\"container\">\n\t\t\t\t<div class=\"elementor-element elementor-element-85e517e text-with elementor-hidden-tablet elementor-hidden-mobile elementor-widget elementor-widget-text-editor\" data-id=\"85e517e\" data-element_type=\"widget\" data-e-type=\"widget\" data-widget_type=\"text-editor.default\">\n\t\t\t\t<div class=\"elementor-widget-container\">\n\t\t\t\t\t\t\t\t\t<p>Somos a <em>fa\u00edsca<\/em> que acende.<br \/>Uma fa\u00edsca que nasce da <em>curiosidade<\/em>,<br \/>que se move com <em>ousadia<\/em>,<br \/>e cresce no poder das <em>hist\u00f3rias<\/em> que contamos.<\/p><p>Cada linha que tra\u00e7amos conta algo <em>\u00fanico<\/em>,<br \/>pensado para ficar na <em>mem\u00f3ria<\/em>,<br \/>e com um potencial infinito de se <em>transformar<\/em><br \/>em algo maior, algo <em>inesquec\u00edvel<\/em>.<\/p><p>Somos a fa\u00edsca que n\u00e3o teme o <em>desconhecido<\/em>,<br \/>pelo contr\u00e1rio, \u00e9 l\u00e1 que encontramos o <em>combust\u00edvel<\/em>.<\/p><p>Somos <em>Risca<\/em>.<\/p>\t\t\t\t\t\t\t\t<\/div>\n\t\t\t\t<\/div>\n\t\t\t\t<div class=\"elementor-element elementor-element-ce72f79 text-with elementor-hidden-desktop elementor-widget elementor-widget-text-editor\" data-id=\"ce72f79\" data-element_type=\"widget\" data-e-type=\"widget\" data-widget_type=\"text-editor.default\">\n\t\t\t\t<div class=\"elementor-widget-container\">\n\t\t\t\t\t\t\t\t\t<p>Somos a <em>fa\u00edsca<\/em> que acende.<br \/>Uma fa\u00edsca que nasce da <em>curiosidade<\/em>, que se move com <em>ousadia<\/em>, e cresce no poder das <em>hist\u00f3rias<\/em> que contamos.<\/p><p>Cada linha que tra\u00e7amos conta algo <em>\u00fanico<\/em>, pensado para ficar na <em>mem\u00f3ria<\/em>, e com um potencial infinito de se <em>transformar <\/em>em algo maior, algo <em>inesquec\u00edvel<\/em>.<\/p><p>Somos a fa\u00edsca que n\u00e3o teme o <em>desconhecido<\/em>, pelo contr\u00e1rio, \u00e9 l\u00e1 que encontramos o <em>combust\u00edvel<\/em>.<\/p><p>Somos <em>Risca<\/em>.<\/p>\t\t\t\t\t\t\t\t<\/div>\n\t\t\t\t<\/div>\n\t\t\t\t<\/div>\n\t\t\t\t<\/div>\n\t\t\t\t<\/div>\n\t\t<div class=\"elementor-element elementor-element-9ecae92 e-con-full e-flex e-con e-child\" data-id=\"9ecae92\" data-element_type=\"container\" data-e-type=\"container\">\n\t\t<div class=\"elementor-element elementor-element-573f1f7 e-con-full e-flex e-con e-child\" data-id=\"573f1f7\" data-element_type=\"container\" data-e-type=\"container\">\n\t\t<div class=\"elementor-element elementor-element-152212c e-con-full e-flex e-con e-child\" data-id=\"152212c\" data-element_type=\"container\" data-e-type=\"container\">\n\t\t\t\t<div class=\"elementor-element elementor-element-671ad25 text-with elementor-widget elementor-widget-text-editor\" data-id=\"671ad25\" data-element_type=\"widget\" data-e-type=\"widget\" data-widget_type=\"text-editor.default\">\n\t\t\t\t<div class=\"elementor-widget-container\">\n\t\t\t\t\t\t\t\t\t<p>A criar desde 2016, a Risca Ag\u00eancia Criativa gosta de fazer jus ao seu nome.<\/p><p>Acreditamos que a criatividade \u00e9 a for\u00e7a que consegue transformar neg\u00f3cios, que o design vai al\u00e9m da est\u00e9tica e as marcas t\u00eam o poder de construir rela\u00e7\u00f5es, despertar emo\u00e7\u00f5es e impactar a vida das pessoas todos os dias.<\/p><p>Para n\u00f3s, cada projeto \u00e9 uma oportunidade de contar uma hist\u00f3ria, de construir algo memor\u00e1vel e de levar experi\u00eancias \u00fanicas ao p\u00fablico.<\/p><p>Porque as boas ideias, n\u00e3o t\u00eam tamanho, mas sim prop\u00f3sito, estrat\u00e9gia e a capacidade de fazer a diferen\u00e7a.<\/p>\t\t\t\t\t\t\t\t<\/div>\n\t\t\t\t<\/div>\n\t\t\t\t<\/div>\n\t\t\t\t<\/div>\n\t\t<div class=\"elementor-element elementor-element-92dbb24 e-con-full e-flex e-con e-child\" data-id=\"92dbb24\" data-element_type=\"container\" data-e-type=\"container\">\n\t\t\t\t<div class=\"elementor-element elementor-element-2a68fb6 elementor-widget elementor-widget-image\" data-id=\"2a68fb6\" data-element_type=\"widget\" data-e-type=\"widget\" data-widget_type=\"image.default\">\n\t\t\t\t<div class=\"elementor-widget-container\">\n\t\t\t\t\t\t\t\t\t\t\t\t\t\t\t<img decoding=\"async\" width=\"587\" height=\"640\" src=\"https:\/\/risca.pt\/wp-content\/uploads\/2026\/01\/manif2.png\" class=\"attachment-large size-large wp-image-7573\" alt=\"\" srcset=\"https:\/\/risca.pt\/wp-content\/uploads\/2026\/01\/manif2.png 587w, https:\/\/risca.pt\/wp-content\/uploads\/2026\/01\/manif2-275x300.png 275w, https:\/\/risca.pt\/wp-content\/uploads\/2026\/01\/manif2-11x12.png 11w\" sizes=\"(max-width: 587px) 100vw, 587px\" \/>\t\t\t\t\t\t\t\t\t\t\t\t\t\t\t<\/div>\n\t\t\t\t<\/div>\n\t\t\t\t<\/div>\n\t\t\t\t<\/div>\n\t\t<div class=\"elementor-element elementor-element-ee4531b e-con-full elementor-hidden-desktop elementor-hidden-tablet elementor-hidden-mobile e-flex e-con e-child\" data-id=\"ee4531b\" data-element_type=\"container\" data-e-type=\"container\">\n\t\t\t\t<div class=\"elementor-element elementor-element-df011d6 elementor-widget__width-initial elementor-view-default elementor-widget elementor-widget-icon\" data-id=\"df011d6\" data-element_type=\"widget\" data-e-type=\"widget\" data-widget_type=\"icon.default\">\n\t\t\t\t<div class=\"elementor-widget-container\">\n\t\t\t\t\t\t\t<div class=\"elementor-icon-wrapper\">\n\t\t\t<div class=\"elementor-icon\">\n\t\t\t<svg xmlns=\"http:\/\/www.w3.org\/2000\/svg\" width=\"71\" height=\"71\" viewbox=\"0 0 71 71\" fill=\"none\"><line x1=\"19.0313\" y1=\"18.6975\" x2=\"52.0313\" y2=\"51.6975\" stroke=\"#FF3E20\" stroke-width=\"7\"><\/line><path d=\"M14.6647 52.3931L51.8834 51.8832L52.3932 14.6645\" stroke=\"#FF3E20\" stroke-width=\"7\"><\/path><\/svg>\t\t\t<\/div>\n\t\t<\/div>\n\t\t\t\t\t\t<\/div>\n\t\t\t\t<\/div>\n\t\t\t\t<div class=\"elementor-element elementor-element-1f58681 elementor-widget elementor-widget-heading\" data-id=\"1f58681\" data-element_type=\"widget\" data-e-type=\"widget\" data-widget_type=\"heading.default\">\n\t\t\t\t<div class=\"elementor-widget-container\">\n\t\t\t\t\t<h2 class=\"elementor-heading-title elementor-size-default\">equipa<\/h2>\t\t\t\t<\/div>\n\t\t\t\t<\/div>\n\t\t\t\t<\/div>\n\t\t<div class=\"elementor-element elementor-element-2464efb e-con-full team-scroll elementor-hidden-desktop elementor-hidden-tablet elementor-hidden-mobile e-flex e-con e-child\" data-id=\"2464efb\" data-element_type=\"container\" data-e-type=\"container\">\n\t\t<div class=\"elementor-element elementor-element-ab60e13 e-con-full e-flex e-con e-child\" data-id=\"ab60e13\" data-element_type=\"container\" data-e-type=\"container\">\n\t\t\t\t<div class=\"elementor-element elementor-element-c45613d elementor-widget elementor-widget-image\" data-id=\"c45613d\" data-element_type=\"widget\" data-e-type=\"widget\" data-widget_type=\"image.default\">\n\t\t\t\t<div class=\"elementor-widget-container\">\n\t\t\t\t\t\t\t\t\t\t\t\t\t\t\t<img decoding=\"async\" width=\"587\" height=\"750\" src=\"https:\/\/risca.pt\/wp-content\/uploads\/2026\/01\/Rectangle-52.png\" class=\"attachment-large size-large wp-image-7587\" alt=\"\" srcset=\"https:\/\/risca.pt\/wp-content\/uploads\/2026\/01\/Rectangle-52.png 587w, https:\/\/risca.pt\/wp-content\/uploads\/2026\/01\/Rectangle-52-235x300.png 235w, https:\/\/risca.pt\/wp-content\/uploads\/2026\/01\/Rectangle-52-9x12.png 9w\" sizes=\"(max-width: 587px) 100vw, 587px\" \/>\t\t\t\t\t\t\t\t\t\t\t\t\t\t\t<\/div>\n\t\t\t\t<\/div>\n\t\t\t\t<\/div>\n\t\t<div class=\"elementor-element elementor-element-39ad072 e-con-full e-flex e-con e-child\" data-id=\"39ad072\" data-element_type=\"container\" data-e-type=\"container\">\n\t\t\t\t<div class=\"elementor-element elementor-element-7a5fc2e elementor-widget elementor-widget-image\" data-id=\"7a5fc2e\" data-element_type=\"widget\" data-e-type=\"widget\" data-widget_type=\"image.default\">\n\t\t\t\t<div class=\"elementor-widget-container\">\n\t\t\t\t\t\t\t\t\t\t\t\t\t\t\t<img decoding=\"async\" width=\"587\" height=\"750\" src=\"https:\/\/risca.pt\/wp-content\/uploads\/2026\/01\/Rectangle-52.png\" class=\"attachment-large size-large wp-image-7587\" alt=\"\" srcset=\"https:\/\/risca.pt\/wp-content\/uploads\/2026\/01\/Rectangle-52.png 587w, https:\/\/risca.pt\/wp-content\/uploads\/2026\/01\/Rectangle-52-235x300.png 235w, https:\/\/risca.pt\/wp-content\/uploads\/2026\/01\/Rectangle-52-9x12.png 9w\" sizes=\"(max-width: 587px) 100vw, 587px\" \/>\t\t\t\t\t\t\t\t\t\t\t\t\t\t\t<\/div>\n\t\t\t\t<\/div>\n\t\t\t\t<\/div>\n\t\t<div class=\"elementor-element elementor-element-2e22626 e-con-full e-flex e-con e-child\" data-id=\"2e22626\" data-element_type=\"container\" data-e-type=\"container\">\n\t\t\t\t<div class=\"elementor-element elementor-element-66dc21d elementor-widget elementor-widget-image\" data-id=\"66dc21d\" data-element_type=\"widget\" data-e-type=\"widget\" data-widget_type=\"image.default\">\n\t\t\t\t<div class=\"elementor-widget-container\">\n\t\t\t\t\t\t\t\t\t\t\t\t\t\t\t<img decoding=\"async\" width=\"587\" height=\"750\" src=\"https:\/\/risca.pt\/wp-content\/uploads\/2026\/01\/Rectangle-52.png\" class=\"attachment-large size-large wp-image-7587\" alt=\"\" srcset=\"https:\/\/risca.pt\/wp-content\/uploads\/2026\/01\/Rectangle-52.png 587w, https:\/\/risca.pt\/wp-content\/uploads\/2026\/01\/Rectangle-52-235x300.png 235w, https:\/\/risca.pt\/wp-content\/uploads\/2026\/01\/Rectangle-52-9x12.png 9w\" sizes=\"(max-width: 587px) 100vw, 587px\" \/>\t\t\t\t\t\t\t\t\t\t\t\t\t\t\t<\/div>\n\t\t\t\t<\/div>\n\t\t\t\t<\/div>\n\t\t<div class=\"elementor-element elementor-element-13a87b7 e-con-full e-flex e-con e-child\" data-id=\"13a87b7\" data-element_type=\"container\" data-e-type=\"container\">\n\t\t\t\t<div class=\"elementor-element elementor-element-d489f29 elementor-widget elementor-widget-image\" data-id=\"d489f29\" data-element_type=\"widget\" data-e-type=\"widget\" data-widget_type=\"image.default\">\n\t\t\t\t<div class=\"elementor-widget-container\">\n\t\t\t\t\t\t\t\t\t\t\t\t\t\t\t<img decoding=\"async\" width=\"587\" height=\"750\" src=\"https:\/\/risca.pt\/wp-content\/uploads\/2026\/01\/Rectangle-52.png\" class=\"attachment-large size-large wp-image-7587\" alt=\"\" srcset=\"https:\/\/risca.pt\/wp-content\/uploads\/2026\/01\/Rectangle-52.png 587w, https:\/\/risca.pt\/wp-content\/uploads\/2026\/01\/Rectangle-52-235x300.png 235w, https:\/\/risca.pt\/wp-content\/uploads\/2026\/01\/Rectangle-52-9x12.png 9w\" sizes=\"(max-width: 587px) 100vw, 587px\" \/>\t\t\t\t\t\t\t\t\t\t\t\t\t\t\t<\/div>\n\t\t\t\t<\/div>\n\t\t\t\t<\/div>\n\t\t<div class=\"elementor-element elementor-element-a0a2e56 e-con-full e-flex e-con e-child\" data-id=\"a0a2e56\" data-element_type=\"container\" data-e-type=\"container\">\n\t\t\t\t<div class=\"elementor-element elementor-element-6162c43 elementor-widget elementor-widget-image\" data-id=\"6162c43\" data-element_type=\"widget\" data-e-type=\"widget\" data-widget_type=\"image.default\">\n\t\t\t\t<div class=\"elementor-widget-container\">\n\t\t\t\t\t\t\t\t\t\t\t\t\t\t\t<img decoding=\"async\" width=\"587\" height=\"750\" src=\"https:\/\/risca.pt\/wp-content\/uploads\/2026\/01\/Rectangle-52.png\" class=\"attachment-large size-large wp-image-7587\" alt=\"\" srcset=\"https:\/\/risca.pt\/wp-content\/uploads\/2026\/01\/Rectangle-52.png 587w, https:\/\/risca.pt\/wp-content\/uploads\/2026\/01\/Rectangle-52-235x300.png 235w, https:\/\/risca.pt\/wp-content\/uploads\/2026\/01\/Rectangle-52-9x12.png 9w\" sizes=\"(max-width: 587px) 100vw, 587px\" \/>\t\t\t\t\t\t\t\t\t\t\t\t\t\t\t<\/div>\n\t\t\t\t<\/div>\n\t\t\t\t<\/div>\n\t\t\t\t<\/div>\n\t\t<div class=\"elementor-element elementor-element-144b15c e-con-full e-flex e-con e-child\" data-id=\"144b15c\" data-element_type=\"container\" data-e-type=\"container\">\n\t\t\t\t<div class=\"elementor-element elementor-element-3778abc elementor-widget__width-initial elementor-view-default elementor-widget elementor-widget-icon\" data-id=\"3778abc\" data-element_type=\"widget\" data-e-type=\"widget\" data-widget_type=\"icon.default\">\n\t\t\t\t<div class=\"elementor-widget-container\">\n\t\t\t\t\t\t\t<div class=\"elementor-icon-wrapper\">\n\t\t\t<div class=\"elementor-icon\">\n\t\t\t<svg xmlns=\"http:\/\/www.w3.org\/2000\/svg\" width=\"71\" height=\"71\" viewbox=\"0 0 71 71\" fill=\"none\"><line x1=\"19.0313\" y1=\"18.6975\" x2=\"52.0313\" y2=\"51.6975\" stroke=\"#FF3E20\" stroke-width=\"7\"><\/line><path d=\"M14.6647 52.3931L51.8834 51.8832L52.3932 14.6645\" stroke=\"#FF3E20\" stroke-width=\"7\"><\/path><\/svg>\t\t\t<\/div>\n\t\t<\/div>\n\t\t\t\t\t\t<\/div>\n\t\t\t\t<\/div>\n\t\t\t\t<div class=\"elementor-element elementor-element-1f97202 elementor-widget elementor-widget-heading\" data-id=\"1f97202\" data-element_type=\"widget\" data-e-type=\"widget\" data-widget_type=\"heading.default\">\n\t\t\t\t<div class=\"elementor-widget-container\">\n\t\t\t\t\t<h2 class=\"elementor-heading-title elementor-size-default\">clientes<\/h2>\t\t\t\t<\/div>\n\t\t\t\t<\/div>\n\t\t\t\t<\/div>\n\t\t<div class=\"elementor-element elementor-element-d41805c e-con-full e-flex e-con e-child\" data-id=\"d41805c\" data-element_type=\"container\" data-e-type=\"container\">\n\t\t<div class=\"elementor-element elementor-element-4db479f e-con-full e-flex e-con e-child\" data-id=\"4db479f\" data-element_type=\"container\" data-e-type=\"container\">\n\t\t\t\t<div class=\"elementor-element elementor-element-b6eddd2 text-with elementor-widget elementor-widget-text-editor\" data-id=\"b6eddd2\" data-element_type=\"widget\" data-e-type=\"widget\" data-widget_type=\"text-editor.default\">\n\t\t\t\t<div class=\"elementor-widget-container\">\n\t\t\t\t\t\t\t\t\t<p>B\u00f4ma\u00a0<\/p><p>calzedonia<\/p><p>cantinho dos bragan\u00e7a<\/p><p>citrobox<\/p><p>clidume<\/p><p>d\u2019alma boutique hotel<\/p><p>eug\u00e9nio campos<\/p><p>exponor<\/p><p>gin pablo<\/p><p>Falconeri<\/p><p>homelab<\/p><p>infarmed<\/p><p>intimissimi<\/p><p>johnny shark<\/p><p>leica<\/p><p>maarq<\/p><p>medi-riva<\/p>\t\t\t\t\t\t\t\t<\/div>\n\t\t\t\t<\/div>\n\t\t\t\t<\/div>\n\t\t<div class=\"elementor-element elementor-element-0fe4dea e-con-full e-flex e-con e-child\" data-id=\"0fe4dea\" data-element_type=\"container\" data-e-type=\"container\">\n\t\t\t\t<div class=\"elementor-element elementor-element-806600e text-with elementor-widget elementor-widget-text-editor\" data-id=\"806600e\" data-element_type=\"widget\" data-e-type=\"widget\" data-widget_type=\"text-editor.default\">\n\t\t\t\t<div class=\"elementor-widget-container\">\n\t\t\t\t\t\t\t\t\t<p>memoria restaurant<\/p><p>mobec<\/p><p>mobilada<\/p><p>movementrade<\/p><p>my name is rose<\/p><p>nine rooftop<\/p><p>operangola<\/p><p>pantagruel<\/p><p>senzu<\/p><p>superdecor<\/p><p>stcp<\/p><p>supercars circle<\/p><p>too fashion<\/p><p>twinset<\/p><p>uriage<\/p><p>vera brochado clinic<\/p>\t\t\t\t\t\t\t\t<\/div>\n\t\t\t\t<\/div>\n\t\t\t\t<div class=\"elementor-element elementor-element-2e23275 text-with elementor-widget elementor-widget-text-editor\" data-id=\"2e23275\" data-element_type=\"widget\" data-e-type=\"widget\" data-widget_type=\"text-editor.default\">\n\t\t\t\t<div class=\"elementor-widget-container\">\n\t\t\t\t\t\t\t\t\t<p>Vamos trabalhar juntos?<\/p>\t\t\t\t\t\t\t\t<\/div>\n\t\t\t\t<\/div>\n\t\t\t\t<\/div>\n\t\t\t\t<\/div>\n\t\t\t\t<\/div>\n\t\t\t\t<\/div>","protected":false},"excerpt":{"rendered":"<p>MANIFESTO Somos a fa\u00edsca que acende.Uma fa\u00edsca que nasce da curiosidade,que se move com ousadia,e cresce no poder das hist\u00f3rias que contamos. Cada linha que tra\u00e7amos conta algo \u00fanico,pensado para ficar na mem\u00f3ria,e com um potencial infinito de se transformarem algo maior, algo inesquec\u00edvel. Somos a fa\u00edsca que n\u00e3o teme o desconhecido,pelo contr\u00e1rio, \u00e9 l\u00e1 [&hellip;]<\/p>","protected":false},"author":1,"featured_media":0,"parent":0,"menu_order":0,"comment_status":"closed","ping_status":"closed","template":"elementor_header_footer","meta":{"_acf_changed":false,"inline_featured_image":false,"footnotes":""},"class_list":["post-509","page","type-page","status-publish","hentry"],"acf":[],"_links":{"self":[{"href":"https:\/\/risca.pt\/en\/wp-json\/wp\/v2\/pages\/509","targetHints":{"allow":["GET"]}}],"collection":[{"href":"https:\/\/risca.pt\/en\/wp-json\/wp\/v2\/pages"}],"about":[{"href":"https:\/\/risca.pt\/en\/wp-json\/wp\/v2\/types\/page"}],"author":[{"embeddable":true,"href":"https:\/\/risca.pt\/en\/wp-json\/wp\/v2\/users\/1"}],"replies":[{"embeddable":true,"href":"https:\/\/risca.pt\/en\/wp-json\/wp\/v2\/comments?post=509"}],"version-history":[{"count":1057,"href":"https:\/\/risca.pt\/en\/wp-json\/wp\/v2\/pages\/509\/revisions"}],"predecessor-version":[{"id":9734,"href":"https:\/\/risca.pt\/en\/wp-json\/wp\/v2\/pages\/509\/revisions\/9734"}],"wp:attachment":[{"href":"https:\/\/risca.pt\/en\/wp-json\/wp\/v2\/media?parent=509"}],"curies":[{"name":"wp","href":"https:\/\/api.w.org\/{rel}","templated":true}]}}